{"id":62,"date":"2019-11-24T13:54:18","date_gmt":"2019-11-24T12:54:18","guid":{"rendered":"http:\/\/localhost\/meyers-landleben.de\/wordpress\/?page_id=62"},"modified":"2024-07-16T14:26:55","modified_gmt":"2024-07-16T12:26:55","slug":"willkommen","status":"publish","type":"page","link":"https:\/\/www.meyers-landleben.de\/","title":{"rendered":"Willkommen"},"content":{"rendered":"\n<h4 class=\"wp-block-heading\">Meyers Landleben<\/h4>\n\n\n\n<h4 class=\"wp-block-heading\">Erholsam und einfach entspannend<\/h4>\n\n\n<div class=\"wp-block-image\">\n<figure class=\"alignright size-large is-resized\"><img loading=\"lazy\" decoding=\"async\" width=\"1000\" height=\"666\" src=\"https:\/\/www.meyers-landleben.de\/wp-content\/uploads\/ponys.jpg\" alt=\"\" class=\"wp-image-513\" style=\"width:300px;height:167px\" srcset=\"https:\/\/www.meyers-landleben.de\/wp-content\/uploads\/ponys.jpg 1000w, https:\/\/www.meyers-landleben.de\/wp-content\/uploads\/ponys-300x200.jpg 300w, https:\/\/www.meyers-landleben.de\/wp-content\/uploads\/ponys-768x511.jpg 768w\" sizes=\"(max-width: 1000px) 100vw, 1000px\" \/><\/figure><\/div>\n\n\n<p>Machen Sie Urlaub auf dem Bauernhof in Th\u00fcringen, zwischen Kyffh\u00e4user und Harz, im flachen Land der \u201eGoldenen Aue\u201c. Der Rosenhof wurde 1990 neu errichtet \u2013 mit modernen Scheunen, Wohngeb\u00e4ude und Urlaubsunterk\u00fcnften. Hier leben wir, die Familie Meyer mit unseren drei Kindern und hei\u00dfen G\u00e4ste herzlich willkommen.<\/p>\n\n\n\n<p>Als gepr\u00fcfter Th\u00fcringer Kinderferienhof bieten wir im Besonderen Urlaub und Erholung f\u00fcr Familien an. Hier ist f\u00fcr jeden etwas dabei. Der gro\u00dfe, liebevoll angelegte Garten mit \u00f6kologischem Teich und Spielplatz ist ideal zum Spielen und Erholen. Eine gro\u00dfe Spielscheune mit Tischtennis, Kicker und Billardtisch macht auch bei schlechten Wetterbedingungen eine Menge Spa\u00df. F\u00fcr die richtige Entspannung sorgen Sauna, Kneipp-Anwendungen und Massage.<br> \u00dcbernachten k\u00f6nnen unsere G\u00e4ste in der Ferienwohnung und im gro\u00dfen, separat stehenden Holzblockhaus.<\/p>\n\n\n\n<p>Wildbeobachtungen sind das ganze Jahr \u00fcber m\u00f6glich. Kraniche sind zu tausenden im Fr\u00fchjahr und im Herbst da, Rehe und Hasen kann man immer sehen. Ganz gleich ob Wanderung, Radtour oder Tagesausflug in die nahe gelegenen St\u00e4dte oder in abwechslungsreiche Natur \u2013 wir sind Ihnen gern bei der Planung Ihrer Urlaubstage behilflich.<\/p>\n\n\n\n<p>Wir freuen uns auf Ihren Besuch und hei\u00dfen Sie herzlich willkommen auf dem Rosenhof.<\/p>\n\n\n\n<p>Ihre Familie Meyer<\/p>\n\n\n\n<div style=\"height:37px\" aria-hidden=\"true\" class=\"wp-block-spacer\"><\/div>\n\n\n\n<figure class=\"wp-block-video\"><video controls src=\"https:\/\/www.meyers-landleben.de\/wp-content\/uploads\/auf_dem_rosenhof-720p.mp4\"><\/video><\/figure>\n\n\n\n<hr class=\"wp-block-separator has-css-opacity is-style-wide\"\/>\n\n\n\n<h4 class=\"wp-block-heading\">Gut zu wissen &#8230;<\/h4>\n\n\n\n<div style=\"height:20px\" aria-hidden=\"true\" class=\"wp-block-spacer\"><\/div>\n\n\n\n<figure class=\"wp-block-image size-large\"><img loading=\"lazy\" decoding=\"async\" width=\"114\" height=\"100\" src=\"https:\/\/www.meyers-landleben.de\/wp-content\/uploads\/logo-lag_2020.jpg\" alt=\"\" class=\"wp-image-711\"\/><figcaption class=\"wp-element-caption\"> Wir sind Mitglied in der Landesarbeitsgemeinschaft <a rel=\"noreferrer noopener\" href=\"http:\/\/www.landsichten.de\/thueringen\/\" target=\"_blank\">Ferien auf dem Lande in Th\u00fcringen e. V.<\/a>  <\/figcaption><\/figure>\n\n\n\n<div style=\"height:33px\" aria-hidden=\"true\" class=\"wp-block-spacer\"><\/div>\n\n\n\n<figure class=\"wp-block-image size-large\"><img loading=\"lazy\" decoding=\"async\" width=\"214\" height=\"93\" src=\"https:\/\/www.meyers-landleben.de\/wp-content\/uploads\/eler-logo1.jpg\" alt=\"\" class=\"wp-image-159\"\/><figcaption class=\"wp-element-caption\"> Hier investieren Europa, die Bundesrepublik Deutschland und der Freistaat Th\u00fcringen in die l\u00e4ndlichen Gebiete.<br> Dieser Landwirtschaftsbetrieb bewirtschaftet Fl\u00e4chen nach den Vorgaben des KULAP und erh\u00e4lt daf\u00fcr F\u00f6rdermittel.<br> <a rel=\"noreferrer noopener\" href=\"https:\/\/ssl.dreamway.com\/filer\/20328\/2016\/5\/25\/200715_plakat_publizitat_kulap_filet.pdf\" target=\"_blank\">&gt;&gt; mehr Informationen<\/a> <\/figcaption><\/figure>\n","protected":false},"excerpt":{"rendered":"<p>Meyers Landleben Erholsam und einfach entspannend Machen Sie Urlaub auf dem Bauernhof in Th\u00fcringen, zwischen Kyffh\u00e4user und Harz, im flachen Land der \u201eGoldenen Aue\u201c. Der Rosenhof wurde 1990 neu errichtet \u2013 mit modernen Scheunen, Wohngeb\u00e4ude und Urlaubsunterk\u00fcnften. Hier leben wir, die Familie Meyer mit unseren drei Kindern und hei\u00dfen G\u00e4ste&#8230;<\/p>\n","protected":false},"author":1,"featured_media":0,"parent":0,"menu_order":1,"comment_status":"closed","ping_status":"closed","template":"","meta":{"footnotes":""},"yoast_head":"<!-- This site is optimized with the Yoast SEO plugin v23.0 - https:\/\/yoast.com\/wordpress\/plugins\/seo\/ -->\n<title>Willkommen | Meyers Landleben auf dem Rosenhof<\/title>\n<meta name=\"description\" content=\"Bauernhofurlaub am Harz - Ferienhaus, Ferienwohnung auf dem Bauernhof mit Sauna, Spielplatz, Schwimmteich in Th\u00fcringen\" \/>\n<meta name=\"robots\" content=\"index, follow, max-snippet:-1, max-image-preview:large, max-video-preview:-1\" \/>\n<link rel=\"canonical\" href=\"https:\/\/www.meyers-landleben.de\/\" \/>\n<meta property=\"og:locale\" content=\"de_DE\" \/>\n<meta property=\"og:type\" content=\"article\" \/>\n<meta property=\"og:title\" content=\"Willkommen | Meyers Landleben auf dem Rosenhof\" \/>\n<meta property=\"og:description\" content=\"Bauernhofurlaub am Harz - Ferienhaus, Ferienwohnung auf dem Bauernhof mit Sauna, Spielplatz, Schwimmteich in Th\u00fcringen\" \/>\n<meta property=\"og:url\" content=\"https:\/\/www.meyers-landleben.de\/\" \/>\n<meta property=\"og:site_name\" content=\"Meyers Landleben auf dem Rosenhof\" \/>\n<meta property=\"article:modified_time\" content=\"2024-07-16T12:26:55+00:00\" \/>\n<meta property=\"og:image\" content=\"https:\/\/www.meyers-landleben.de\/wp-content\/uploads\/ponys.jpg\" \/>\n<meta name=\"twitter:card\" content=\"summary_large_image\" \/>\n<meta name=\"twitter:label1\" content=\"Gesch\u00e4tzte Lesezeit\" \/>\n\t<meta name=\"twitter:data1\" content=\"2\u00a0Minuten\" \/>\n<script type=\"application\/ld+json\" class=\"yoast-schema-graph\">{\"@context\":\"https:\/\/schema.org\",\"@graph\":[{\"@type\":\"WebPage\",\"@id\":\"https:\/\/www.meyers-landleben.de\/\",\"url\":\"https:\/\/www.meyers-landleben.de\/\",\"name\":\"Willkommen | Meyers Landleben auf dem Rosenhof\",\"isPartOf\":{\"@id\":\"https:\/\/www.meyers-landleben.de\/#website\"},\"primaryImageOfPage\":{\"@id\":\"https:\/\/www.meyers-landleben.de\/#primaryimage\"},\"image\":{\"@id\":\"https:\/\/www.meyers-landleben.de\/#primaryimage\"},\"thumbnailUrl\":\"https:\/\/www.meyers-landleben.de\/wp-content\/uploads\/ponys.jpg\",\"datePublished\":\"2019-11-24T12:54:18+00:00\",\"dateModified\":\"2024-07-16T12:26:55+00:00\",\"description\":\"Bauernhofurlaub am Harz - Ferienhaus, Ferienwohnung auf dem Bauernhof mit Sauna, Spielplatz, Schwimmteich in Th\u00fcringen\",\"breadcrumb\":{\"@id\":\"https:\/\/www.meyers-landleben.de\/#breadcrumb\"},\"inLanguage\":\"de\",\"potentialAction\":[{\"@type\":\"ReadAction\",\"target\":[\"https:\/\/www.meyers-landleben.de\/\"]}]},{\"@type\":\"ImageObject\",\"inLanguage\":\"de\",\"@id\":\"https:\/\/www.meyers-landleben.de\/#primaryimage\",\"url\":\"https:\/\/www.meyers-landleben.de\/wp-content\/uploads\/ponys.jpg\",\"contentUrl\":\"https:\/\/www.meyers-landleben.de\/wp-content\/uploads\/ponys.jpg\",\"width\":1000,\"height\":666},{\"@type\":\"BreadcrumbList\",\"@id\":\"https:\/\/www.meyers-landleben.de\/#breadcrumb\",\"itemListElement\":[{\"@type\":\"ListItem\",\"position\":1,\"name\":\"Startseite\",\"item\":\"https:\/\/www.meyers-landleben.de\/\"},{\"@type\":\"ListItem\",\"position\":2,\"name\":\"Willkommen\"}]},{\"@type\":\"WebSite\",\"@id\":\"https:\/\/www.meyers-landleben.de\/#website\",\"url\":\"https:\/\/www.meyers-landleben.de\/\",\"name\":\"Meyers Landleben auf dem Rosenhof\",\"description\":\"\",\"publisher\":{\"@id\":\"https:\/\/www.meyers-landleben.de\/#\/schema\/person\/a97f739f0677688f47b84cba68fc5da0\"},\"potentialAction\":[{\"@type\":\"SearchAction\",\"target\":{\"@type\":\"EntryPoint\",\"urlTemplate\":\"https:\/\/www.meyers-landleben.de\/?s={search_term_string}\"},\"query-input\":\"required name=search_term_string\"}],\"inLanguage\":\"de\"},{\"@type\":[\"Person\",\"Organization\"],\"@id\":\"https:\/\/www.meyers-landleben.de\/#\/schema\/person\/a97f739f0677688f47b84cba68fc5da0\",\"name\":\"meyer\",\"image\":{\"@type\":\"ImageObject\",\"inLanguage\":\"de\",\"@id\":\"https:\/\/www.meyers-landleben.de\/#\/schema\/person\/image\/\",\"url\":\"https:\/\/www.meyers-landleben.de\/wp-content\/uploads\/logo_final.png\",\"contentUrl\":\"https:\/\/www.meyers-landleben.de\/wp-content\/uploads\/logo_final.png\",\"width\":3833,\"height\":515,\"caption\":\"meyer\"},\"logo\":{\"@id\":\"https:\/\/www.meyers-landleben.de\/#\/schema\/person\/image\/\"}}]}<\/script>\n<!-- \/ Yoast SEO plugin. -->","yoast_head_json":{"title":"Willkommen | Meyers Landleben auf dem Rosenhof","description":"Bauernhofurlaub am Harz - Ferienhaus, Ferienwohnung auf dem Bauernhof mit Sauna, Spielplatz, Schwimmteich in Th\u00fcringen","robots":{"index":"index","follow":"follow","max-snippet":"max-snippet:-1","max-image-preview":"max-image-preview:large","max-video-preview":"max-video-preview:-1"},"canonical":"https:\/\/www.meyers-landleben.de\/","og_locale":"de_DE","og_type":"article","og_title":"Willkommen | Meyers Landleben auf dem Rosenhof","og_description":"Bauernhofurlaub am Harz - Ferienhaus, Ferienwohnung auf dem Bauernhof mit Sauna, Spielplatz, Schwimmteich in Th\u00fcringen","og_url":"https:\/\/www.meyers-landleben.de\/","og_site_name":"Meyers Landleben auf dem Rosenhof","article_modified_time":"2024-07-16T12:26:55+00:00","og_image":[{"url":"https:\/\/www.meyers-landleben.de\/wp-content\/uploads\/ponys.jpg"}],"twitter_card":"summary_large_image","twitter_misc":{"Gesch\u00e4tzte Lesezeit":"2\u00a0Minuten"},"schema":{"@context":"https:\/\/schema.org","@graph":[{"@type":"WebPage","@id":"https:\/\/www.meyers-landleben.de\/","url":"https:\/\/www.meyers-landleben.de\/","name":"Willkommen | Meyers Landleben auf dem Rosenhof","isPartOf":{"@id":"https:\/\/www.meyers-landleben.de\/#website"},"primaryImageOfPage":{"@id":"https:\/\/www.meyers-landleben.de\/#primaryimage"},"image":{"@id":"https:\/\/www.meyers-landleben.de\/#primaryimage"},"thumbnailUrl":"https:\/\/www.meyers-landleben.de\/wp-content\/uploads\/ponys.jpg","datePublished":"2019-11-24T12:54:18+00:00","dateModified":"2024-07-16T12:26:55+00:00","description":"Bauernhofurlaub am Harz - Ferienhaus, Ferienwohnung auf dem Bauernhof mit Sauna, Spielplatz, Schwimmteich in Th\u00fcringen","breadcrumb":{"@id":"https:\/\/www.meyers-landleben.de\/#breadcrumb"},"inLanguage":"de","potentialAction":[{"@type":"ReadAction","target":["https:\/\/www.meyers-landleben.de\/"]}]},{"@type":"ImageObject","inLanguage":"de","@id":"https:\/\/www.meyers-landleben.de\/#primaryimage","url":"https:\/\/www.meyers-landleben.de\/wp-content\/uploads\/ponys.jpg","contentUrl":"https:\/\/www.meyers-landleben.de\/wp-content\/uploads\/ponys.jpg","width":1000,"height":666},{"@type":"BreadcrumbList","@id":"https:\/\/www.meyers-landleben.de\/#breadcrumb","itemListElement":[{"@type":"ListItem","position":1,"name":"Startseite","item":"https:\/\/www.meyers-landleben.de\/"},{"@type":"ListItem","position":2,"name":"Willkommen"}]},{"@type":"WebSite","@id":"https:\/\/www.meyers-landleben.de\/#website","url":"https:\/\/www.meyers-landleben.de\/","name":"Meyers Landleben auf dem Rosenhof","description":"","publisher":{"@id":"https:\/\/www.meyers-landleben.de\/#\/schema\/person\/a97f739f0677688f47b84cba68fc5da0"},"potentialAction":[{"@type":"SearchAction","target":{"@type":"EntryPoint","urlTemplate":"https:\/\/www.meyers-landleben.de\/?s={search_term_string}"},"query-input":"required name=search_term_string"}],"inLanguage":"de"},{"@type":["Person","Organization"],"@id":"https:\/\/www.meyers-landleben.de\/#\/schema\/person\/a97f739f0677688f47b84cba68fc5da0","name":"meyer","image":{"@type":"ImageObject","inLanguage":"de","@id":"https:\/\/www.meyers-landleben.de\/#\/schema\/person\/image\/","url":"https:\/\/www.meyers-landleben.de\/wp-content\/uploads\/logo_final.png","contentUrl":"https:\/\/www.meyers-landleben.de\/wp-content\/uploads\/logo_final.png","width":3833,"height":515,"caption":"meyer"},"logo":{"@id":"https:\/\/www.meyers-landleben.de\/#\/schema\/person\/image\/"}}]}},"_links":{"self":[{"href":"https:\/\/www.meyers-landleben.de\/index.php?rest_route=\/wp\/v2\/pages\/62"}],"collection":[{"href":"https:\/\/www.meyers-landleben.de\/index.php?rest_route=\/wp\/v2\/pages"}],"about":[{"href":"https:\/\/www.meyers-landleben.de\/index.php?rest_route=\/wp\/v2\/types\/page"}],"author":[{"embeddable":true,"href":"https:\/\/www.meyers-landleben.de\/index.php?rest_route=\/wp\/v2\/users\/1"}],"replies":[{"embeddable":true,"href":"https:\/\/www.meyers-landleben.de\/index.php?rest_route=%2Fwp%2Fv2%2Fcomments&post=62"}],"version-history":[{"count":21,"href":"https:\/\/www.meyers-landleben.de\/index.php?rest_route=\/wp\/v2\/pages\/62\/revisions"}],"predecessor-version":[{"id":781,"href":"https:\/\/www.meyers-landleben.de\/index.php?rest_route=\/wp\/v2\/pages\/62\/revisions\/781"}],"wp:attachment":[{"href":"https:\/\/www.meyers-landleben.de\/index.php?rest_route=%2Fwp%2Fv2%2Fmedia&parent=62"}],"curies":[{"name":"wp","href":"https:\/\/api.w.org\/{rel}","templated":true}]}}