{"id":390,"date":"2020-01-25T23:08:51","date_gmt":"2020-01-25T22:08:51","guid":{"rendered":"https:\/\/meyer.fewo-lichtenstein.de\/?page_id=390"},"modified":"2022-01-18T21:20:46","modified_gmt":"2022-01-18T20:20:46","slug":"kneipp","status":"publish","type":"page","link":"https:\/\/www.meyers-landleben.de\/?page_id=390","title":{"rendered":"Auszeit"},"content":{"rendered":"\n<h4 class=\"wp-block-heading\">Kneipp und Wellness<br>Entspannen im Sinne von Kneipp<\/h4>\n\n\n\n<p>Bei  uns k\u00f6nnen Sie nicht nur Natur erleben, sondern auch gesunden Urlaub  verbringen. Unseren G\u00e4sten stehen eine Sauna, bis zu 6 Personen bequem  Platz bietet, sowie weitere Kneipp-Einrichtungen zur Verf\u00fcgung.<br>Wir weisen Sie gern in unsere Kneipp-Einrichtungen ein und stehen f\u00fcr Beratungen zur Verf\u00fcgung.<\/p>\n\n\n\n<p><strong>Kneipp-Einrichtungen:<\/strong><\/p>\n\n\n\n<ul><li>Sauna<\/li><li>Schwalldusche<\/li><li>Kneippschlauch<\/li><li>zwei Fu\u00dfbecken f\u00fcr Wechselb\u00e4der<\/li><li>gro\u00dfes Tretbecken am Teich<\/li><\/ul>\n\n\n\n<div style=\"height:20px\" aria-hidden=\"true\" class=\"wp-block-spacer\"><\/div>\n\n\n\n<p><strong>Dar\u00fcber hinaus bieten wir  noch folgendes Verw\u00f6hnprogramm:<\/strong><\/p>\n\n\n\n<ul><li>Massagen (mit oder ohne hei\u00dfer Rolle) &#8211; als gelernte  Physiotherapeutin mit Ausbildung in Massage biete ich diese nach  Absprache an<\/li><\/ul>\n\n\n\n<div style=\"height:20px\" aria-hidden=\"true\" class=\"wp-block-spacer\"><\/div>\n\n\n\n<p><strong>Kosmetik und Fu\u00dfpflege werden in Windehausen nach Absprache angeboten.<\/strong><\/p>\n\n\n\n<div style=\"height:33px\" aria-hidden=\"true\" class=\"wp-block-spacer\"><\/div>\n\n\n\n<h4 class=\"wp-block-heading\">Preise<\/h4>\n\n\n\n<ul><li>Sauna: Erwachsene 8,- \u20ac, Kinder (bis 6 Jahre) frei, inkl. Saunahandt\u00fcchern und Saunaaufguss<\/li><li>Massage mit und ohne hei\u00dfer Rolle: 15,- \u20ac f\u00fcr 30 Min.<\/li><\/ul>\n\n\n\n<div style=\"height:21px\" aria-hidden=\"true\" class=\"wp-block-spacer\"><\/div>\n\n\n\n<figure class=\"wp-block-gallery columns-3 is-cropped wp-block-gallery-1 is-layout-flex wp-block-gallery-is-layout-flex\"><ul class=\"blocks-gallery-grid\"><li class=\"blocks-gallery-item\"><figure><img loading=\"lazy\" decoding=\"async\" width=\"400\" height=\"266\" src=\"https:\/\/www.meyers-landleben.de\/wp-content\/uploads\/massage.jpg\" alt=\"\" data-id=\"531\" data-full-url=\"https:\/\/www.meyers-landleben.de\/wp-content\/uploads\/massage.jpg\" data-link=\"https:\/\/www.meyers-landleben.de\/?attachment_id=531\" class=\"wp-image-531\" srcset=\"https:\/\/www.meyers-landleben.de\/wp-content\/uploads\/massage.jpg 400w, https:\/\/www.meyers-landleben.de\/wp-content\/uploads\/massage-300x200.jpg 300w\" sizes=\"(max-width: 400px) 100vw, 400px\" \/><\/figure><\/li><li class=\"blocks-gallery-item\"><figure><img loading=\"lazy\" decoding=\"async\" width=\"400\" height=\"266\" src=\"https:\/\/www.meyers-landleben.de\/wp-content\/uploads\/400-1.jpg\" alt=\"\" data-id=\"528\" data-full-url=\"https:\/\/www.meyers-landleben.de\/wp-content\/uploads\/400-1.jpg\" data-link=\"https:\/\/www.meyers-landleben.de\/?attachment_id=528\" class=\"wp-image-528\" srcset=\"https:\/\/www.meyers-landleben.de\/wp-content\/uploads\/400-1.jpg 400w, https:\/\/www.meyers-landleben.de\/wp-content\/uploads\/400-1-300x200.jpg 300w\" sizes=\"(max-width: 400px) 100vw, 400px\" \/><\/figure><\/li><li class=\"blocks-gallery-item\"><figure><img loading=\"lazy\" decoding=\"async\" width=\"400\" height=\"266\" src=\"https:\/\/www.meyers-landleben.de\/wp-content\/uploads\/kneippbecken2.jpg\" alt=\"\" data-id=\"530\" data-full-url=\"https:\/\/www.meyers-landleben.de\/wp-content\/uploads\/kneippbecken2.jpg\" data-link=\"https:\/\/www.meyers-landleben.de\/?attachment_id=530\" class=\"wp-image-530\" srcset=\"https:\/\/www.meyers-landleben.de\/wp-content\/uploads\/kneippbecken2.jpg 400w, https:\/\/www.meyers-landleben.de\/wp-content\/uploads\/kneippbecken2-300x200.jpg 300w\" sizes=\"(max-width: 400px) 100vw, 400px\" \/><\/figure><\/li><li class=\"blocks-gallery-item\"><figure><img loading=\"lazy\" decoding=\"async\" width=\"1024\" height=\"768\" src=\"https:\/\/www.meyers-landleben.de\/wp-content\/uploads\/kneipp-1024x768.jpeg\" alt=\"\" data-id=\"727\" data-full-url=\"https:\/\/www.meyers-landleben.de\/wp-content\/uploads\/kneipp.jpeg\" data-link=\"https:\/\/www.meyers-landleben.de\/?attachment_id=727\" class=\"wp-image-727\" srcset=\"https:\/\/www.meyers-landleben.de\/wp-content\/uploads\/kneipp-1024x768.jpeg 1024w, https:\/\/www.meyers-landleben.de\/wp-content\/uploads\/kneipp-300x225.jpeg 300w, https:\/\/www.meyers-landleben.de\/wp-content\/uploads\/kneipp-768x576.jpeg 768w, https:\/\/www.meyers-landleben.de\/wp-content\/uploads\/kneipp.jpeg 1200w\" sizes=\"(max-width: 1024px) 100vw, 1024px\" \/><\/figure><\/li><\/ul><\/figure>\n","protected":false},"excerpt":{"rendered":"<p>Kneipp und WellnessEntspannen im Sinne von Kneipp Bei uns k\u00f6nnen Sie nicht nur Natur erleben, sondern auch gesunden Urlaub verbringen. Unseren G\u00e4sten stehen eine Sauna, bis zu 6 Personen bequem Platz bietet, sowie weitere Kneipp-Einrichtungen zur Verf\u00fcgung.Wir weisen Sie gern in unsere Kneipp-Einrichtungen ein und stehen f\u00fcr Beratungen zur Verf\u00fcgung&#8230;.<\/p>\n","protected":false},"author":1,"featured_media":0,"parent":0,"menu_order":5,"comment_status":"closed","ping_status":"closed","template":"","meta":{"footnotes":""},"yoast_head":"<!-- This site is optimized with the Yoast SEO plugin v23.0 - https:\/\/yoast.com\/wordpress\/plugins\/seo\/ -->\n<title>Auszeit | Meyers Landleben auf dem Rosenhof<\/title>\n<meta name=\"description\" content=\"Bauernhofurlaub am Harz - Ferienhaus, Ferienwohnung auf dem Bauernhof mit Sauna, Spielplatz, Schwimmteich in Th\u00fcringen\" \/>\n<meta name=\"robots\" content=\"index, follow, max-snippet:-1, max-image-preview:large, max-video-preview:-1\" \/>\n<link rel=\"canonical\" href=\"https:\/\/www.meyers-landleben.de\/?page_id=390\" \/>\n<meta property=\"og:locale\" content=\"de_DE\" \/>\n<meta property=\"og:type\" content=\"article\" \/>\n<meta property=\"og:title\" content=\"Auszeit | Meyers Landleben auf dem Rosenhof\" \/>\n<meta property=\"og:description\" content=\"Bauernhofurlaub am Harz - Ferienhaus, Ferienwohnung auf dem Bauernhof mit Sauna, Spielplatz, Schwimmteich in Th\u00fcringen\" \/>\n<meta property=\"og:url\" content=\"https:\/\/www.meyers-landleben.de\/?page_id=390\" \/>\n<meta property=\"og:site_name\" content=\"Meyers Landleben auf dem Rosenhof\" \/>\n<meta property=\"article:modified_time\" content=\"2022-01-18T20:20:46+00:00\" \/>\n<meta property=\"og:image\" content=\"https:\/\/www.meyers-landleben.de\/wp-content\/uploads\/massage.jpg\" \/>\n<meta name=\"twitter:card\" content=\"summary_large_image\" \/>\n<meta name=\"twitter:label1\" content=\"Gesch\u00e4tzte Lesezeit\" \/>\n\t<meta name=\"twitter:data1\" content=\"2\u00a0Minuten\" \/>\n<script type=\"application\/ld+json\" class=\"yoast-schema-graph\">{\"@context\":\"https:\/\/schema.org\",\"@graph\":[{\"@type\":\"WebPage\",\"@id\":\"https:\/\/www.meyers-landleben.de\/?page_id=390\",\"url\":\"https:\/\/www.meyers-landleben.de\/?page_id=390\",\"name\":\"Auszeit | Meyers Landleben auf dem Rosenhof\",\"isPartOf\":{\"@id\":\"https:\/\/www.meyers-landleben.de\/#website\"},\"primaryImageOfPage\":{\"@id\":\"https:\/\/www.meyers-landleben.de\/?page_id=390#primaryimage\"},\"image\":{\"@id\":\"https:\/\/www.meyers-landleben.de\/?page_id=390#primaryimage\"},\"thumbnailUrl\":\"https:\/\/www.meyers-landleben.de\/wp-content\/uploads\/massage.jpg\",\"datePublished\":\"2020-01-25T22:08:51+00:00\",\"dateModified\":\"2022-01-18T20:20:46+00:00\",\"description\":\"Bauernhofurlaub am Harz - Ferienhaus, Ferienwohnung auf dem Bauernhof mit Sauna, Spielplatz, Schwimmteich in Th\u00fcringen\",\"breadcrumb\":{\"@id\":\"https:\/\/www.meyers-landleben.de\/?page_id=390#breadcrumb\"},\"inLanguage\":\"de\",\"potentialAction\":[{\"@type\":\"ReadAction\",\"target\":[\"https:\/\/www.meyers-landleben.de\/?page_id=390\"]}]},{\"@type\":\"ImageObject\",\"inLanguage\":\"de\",\"@id\":\"https:\/\/www.meyers-landleben.de\/?page_id=390#primaryimage\",\"url\":\"https:\/\/www.meyers-landleben.de\/wp-content\/uploads\/massage.jpg\",\"contentUrl\":\"https:\/\/www.meyers-landleben.de\/wp-content\/uploads\/massage.jpg\",\"width\":400,\"height\":266},{\"@type\":\"BreadcrumbList\",\"@id\":\"https:\/\/www.meyers-landleben.de\/?page_id=390#breadcrumb\",\"itemListElement\":[{\"@type\":\"ListItem\",\"position\":1,\"name\":\"Startseite\",\"item\":\"https:\/\/www.meyers-landleben.de\/\"},{\"@type\":\"ListItem\",\"position\":2,\"name\":\"Auszeit\"}]},{\"@type\":\"WebSite\",\"@id\":\"https:\/\/www.meyers-landleben.de\/#website\",\"url\":\"https:\/\/www.meyers-landleben.de\/\",\"name\":\"Meyers Landleben auf dem Rosenhof\",\"description\":\"\",\"publisher\":{\"@id\":\"https:\/\/www.meyers-landleben.de\/#\/schema\/person\/a97f739f0677688f47b84cba68fc5da0\"},\"potentialAction\":[{\"@type\":\"SearchAction\",\"target\":{\"@type\":\"EntryPoint\",\"urlTemplate\":\"https:\/\/www.meyers-landleben.de\/?s={search_term_string}\"},\"query-input\":\"required name=search_term_string\"}],\"inLanguage\":\"de\"},{\"@type\":[\"Person\",\"Organization\"],\"@id\":\"https:\/\/www.meyers-landleben.de\/#\/schema\/person\/a97f739f0677688f47b84cba68fc5da0\",\"name\":\"meyer\",\"image\":{\"@type\":\"ImageObject\",\"inLanguage\":\"de\",\"@id\":\"https:\/\/www.meyers-landleben.de\/#\/schema\/person\/image\/\",\"url\":\"https:\/\/www.meyers-landleben.de\/wp-content\/uploads\/logo_final.png\",\"contentUrl\":\"https:\/\/www.meyers-landleben.de\/wp-content\/uploads\/logo_final.png\",\"width\":3833,\"height\":515,\"caption\":\"meyer\"},\"logo\":{\"@id\":\"https:\/\/www.meyers-landleben.de\/#\/schema\/person\/image\/\"}}]}<\/script>\n<!-- \/ Yoast SEO plugin. -->","yoast_head_json":{"title":"Auszeit | Meyers Landleben auf dem Rosenhof","description":"Bauernhofurlaub am Harz - Ferienhaus, Ferienwohnung auf dem Bauernhof mit Sauna, Spielplatz, Schwimmteich in Th\u00fcringen","robots":{"index":"index","follow":"follow","max-snippet":"max-snippet:-1","max-image-preview":"max-image-preview:large","max-video-preview":"max-video-preview:-1"},"canonical":"https:\/\/www.meyers-landleben.de\/?page_id=390","og_locale":"de_DE","og_type":"article","og_title":"Auszeit | Meyers Landleben auf dem Rosenhof","og_description":"Bauernhofurlaub am Harz - Ferienhaus, Ferienwohnung auf dem Bauernhof mit Sauna, Spielplatz, Schwimmteich in Th\u00fcringen","og_url":"https:\/\/www.meyers-landleben.de\/?page_id=390","og_site_name":"Meyers Landleben auf dem Rosenhof","article_modified_time":"2022-01-18T20:20:46+00:00","og_image":[{"url":"https:\/\/www.meyers-landleben.de\/wp-content\/uploads\/massage.jpg"}],"twitter_card":"summary_large_image","twitter_misc":{"Gesch\u00e4tzte Lesezeit":"2\u00a0Minuten"},"schema":{"@context":"https:\/\/schema.org","@graph":[{"@type":"WebPage","@id":"https:\/\/www.meyers-landleben.de\/?page_id=390","url":"https:\/\/www.meyers-landleben.de\/?page_id=390","name":"Auszeit | Meyers Landleben auf dem Rosenhof","isPartOf":{"@id":"https:\/\/www.meyers-landleben.de\/#website"},"primaryImageOfPage":{"@id":"https:\/\/www.meyers-landleben.de\/?page_id=390#primaryimage"},"image":{"@id":"https:\/\/www.meyers-landleben.de\/?page_id=390#primaryimage"},"thumbnailUrl":"https:\/\/www.meyers-landleben.de\/wp-content\/uploads\/massage.jpg","datePublished":"2020-01-25T22:08:51+00:00","dateModified":"2022-01-18T20:20:46+00:00","description":"Bauernhofurlaub am Harz - Ferienhaus, Ferienwohnung auf dem Bauernhof mit Sauna, Spielplatz, Schwimmteich in Th\u00fcringen","breadcrumb":{"@id":"https:\/\/www.meyers-landleben.de\/?page_id=390#breadcrumb"},"inLanguage":"de","potentialAction":[{"@type":"ReadAction","target":["https:\/\/www.meyers-landleben.de\/?page_id=390"]}]},{"@type":"ImageObject","inLanguage":"de","@id":"https:\/\/www.meyers-landleben.de\/?page_id=390#primaryimage","url":"https:\/\/www.meyers-landleben.de\/wp-content\/uploads\/massage.jpg","contentUrl":"https:\/\/www.meyers-landleben.de\/wp-content\/uploads\/massage.jpg","width":400,"height":266},{"@type":"BreadcrumbList","@id":"https:\/\/www.meyers-landleben.de\/?page_id=390#breadcrumb","itemListElement":[{"@type":"ListItem","position":1,"name":"Startseite","item":"https:\/\/www.meyers-landleben.de\/"},{"@type":"ListItem","position":2,"name":"Auszeit"}]},{"@type":"WebSite","@id":"https:\/\/www.meyers-landleben.de\/#website","url":"https:\/\/www.meyers-landleben.de\/","name":"Meyers Landleben auf dem Rosenhof","description":"","publisher":{"@id":"https:\/\/www.meyers-landleben.de\/#\/schema\/person\/a97f739f0677688f47b84cba68fc5da0"},"potentialAction":[{"@type":"SearchAction","target":{"@type":"EntryPoint","urlTemplate":"https:\/\/www.meyers-landleben.de\/?s={search_term_string}"},"query-input":"required name=search_term_string"}],"inLanguage":"de"},{"@type":["Person","Organization"],"@id":"https:\/\/www.meyers-landleben.de\/#\/schema\/person\/a97f739f0677688f47b84cba68fc5da0","name":"meyer","image":{"@type":"ImageObject","inLanguage":"de","@id":"https:\/\/www.meyers-landleben.de\/#\/schema\/person\/image\/","url":"https:\/\/www.meyers-landleben.de\/wp-content\/uploads\/logo_final.png","contentUrl":"https:\/\/www.meyers-landleben.de\/wp-content\/uploads\/logo_final.png","width":3833,"height":515,"caption":"meyer"},"logo":{"@id":"https:\/\/www.meyers-landleben.de\/#\/schema\/person\/image\/"}}]}},"_links":{"self":[{"href":"https:\/\/www.meyers-landleben.de\/index.php?rest_route=\/wp\/v2\/pages\/390"}],"collection":[{"href":"https:\/\/www.meyers-landleben.de\/index.php?rest_route=\/wp\/v2\/pages"}],"about":[{"href":"https:\/\/www.meyers-landleben.de\/index.php?rest_route=\/wp\/v2\/types\/page"}],"author":[{"embeddable":true,"href":"https:\/\/www.meyers-landleben.de\/index.php?rest_route=\/wp\/v2\/users\/1"}],"replies":[{"embeddable":true,"href":"https:\/\/www.meyers-landleben.de\/index.php?rest_route=%2Fwp%2Fv2%2Fcomments&post=390"}],"version-history":[{"count":15,"href":"https:\/\/www.meyers-landleben.de\/index.php?rest_route=\/wp\/v2\/pages\/390\/revisions"}],"predecessor-version":[{"id":753,"href":"https:\/\/www.meyers-landleben.de\/index.php?rest_route=\/wp\/v2\/pages\/390\/revisions\/753"}],"wp:attachment":[{"href":"https:\/\/www.meyers-landleben.de\/index.php?rest_route=%2Fwp%2Fv2%2Fmedia&parent=390"}],"curies":[{"name":"wp","href":"https:\/\/api.w.org\/{rel}","templated":true}]}}