{"id":114,"date":"2019-11-24T21:52:03","date_gmt":"2019-11-24T20:52:03","guid":{"rendered":"http:\/\/localhost\/meyers-landleben.de\/wordpress\/?page_id=114"},"modified":"2024-07-16T14:28:40","modified_gmt":"2024-07-16T12:28:40","slug":"wohnen","status":"publish","type":"page","link":"https:\/\/www.meyers-landleben.de\/?page_id=114","title":{"rendered":"Wohnen"},"content":{"rendered":"\n<h4 class=\"wp-block-heading\">Wohnen<br>Individuell und l\u00e4ndlich<\/h4>\n\n\n\n<p>Ganz gleich, ob Sie Ihren Urlaub in Familie in unserer Ferienwohnung  oder im gro\u00dfz\u00fcgigen Holzhaus verbringen &#8211; bei uns auf dem Rosenhof  finden insbesondere Familien ideale Gegebenheiten f\u00fcr die sch\u00f6nsten Tage des Jahres. Bei der Einrichtung legen wir Wert auf ein l\u00e4ndliches  Ambiente, kombiniert mit moderner und familienfreundlicher Ausstattung, damit Ihr Urlaub erholsam und entspannend f\u00fcr Sie ist. <\/p>\n\n\n\n<hr class=\"wp-block-separator has-css-opacity is-style-wide\"\/>\n\n\n\n<div class=\"wp-block-columns is-layout-flex wp-container-core-columns-is-layout-1 wp-block-columns-is-layout-flex\">\n<div class=\"wp-block-column is-layout-flow wp-block-column-is-layout-flow\"><div class=\"wp-block-image text-align:center is-style-default\">\n<figure class=\"aligncenter size-large\"><a href=\"https:\/\/www.meyers-landleben.de\/?page_id=118\"><img loading=\"lazy\" decoding=\"async\" width=\"1024\" height=\"768\" src=\"https:\/\/www.meyers-landleben.de\/wp-content\/uploads\/2018-ferienhaus-1024x768.jpg\" alt=\"\" class=\"wp-image-270\" srcset=\"https:\/\/www.meyers-landleben.de\/wp-content\/uploads\/2018-ferienhaus-1024x768.jpg 1024w, https:\/\/www.meyers-landleben.de\/wp-content\/uploads\/2018-ferienhaus-300x225.jpg 300w, https:\/\/www.meyers-landleben.de\/wp-content\/uploads\/2018-ferienhaus-768x576.jpg 768w, https:\/\/www.meyers-landleben.de\/wp-content\/uploads\/2018-ferienhaus-1536x1152.jpg 1536w, https:\/\/www.meyers-landleben.de\/wp-content\/uploads\/2018-ferienhaus.jpg 2000w\" sizes=\"(max-width: 1024px) 100vw, 1024px\" \/><\/a><\/figure><\/div>\n\n\n<h4 class=\"wp-block-heading\">Blockhaus Margarete<br>Erholungsurlaub im Landhausstil<\/h4>\n\n\n\n<hr class=\"wp-block-separator has-css-opacity\"\/>\n\n\n\n<p>Das gro\u00dfz\u00fcgige Blockhaus f\u00fcr 7 Personen mit drei Schlafzimmern, moderner Landhausk\u00fcche und gem\u00fctlichem Wohnzimmer, gro\u00dfer Terrasse und Balkon erm\u00f6glicht entspannten Urlaub f\u00fcr gr\u00f6\u00dfere Familien oder Gruppen.<\/p>\n\n\n\n<p>&gt;&gt; <a href=\"https:\/\/www.meyers-landleben.de\/?page_id=118\">zum Ferienhaus<\/a><\/p>\n<\/div>\n\n\n\n<div class=\"wp-block-column is-layout-flow wp-block-column-is-layout-flow\"><div class=\"wp-block-image is-style-default\">\n<figure class=\"aligncenter size-large\"><a href=\"https:\/\/www.meyers-landleben.de\/?page_id=121\"><img loading=\"lazy\" decoding=\"async\" width=\"1024\" height=\"768\" src=\"https:\/\/www.meyers-landleben.de\/wp-content\/uploads\/2018-ferienwohnung-1024x768.jpg\" alt=\"\" class=\"wp-image-271\" srcset=\"https:\/\/www.meyers-landleben.de\/wp-content\/uploads\/2018-ferienwohnung-1024x768.jpg 1024w, https:\/\/www.meyers-landleben.de\/wp-content\/uploads\/2018-ferienwohnung-300x225.jpg 300w, https:\/\/www.meyers-landleben.de\/wp-content\/uploads\/2018-ferienwohnung-768x576.jpg 768w, https:\/\/www.meyers-landleben.de\/wp-content\/uploads\/2018-ferienwohnung-1536x1152.jpg 1536w, https:\/\/www.meyers-landleben.de\/wp-content\/uploads\/2018-ferienwohnung.jpg 2000w\" sizes=\"(max-width: 1024px) 100vw, 1024px\" \/><\/a><\/figure><\/div>\n\n\n<h4 class=\"wp-block-heading\">Ferienwohnung G\u00e4nsebl\u00fcmchen<br> Famili\u00e4r und l\u00e4ndlich <\/h4>\n\n\n\n<hr class=\"wp-block-separator has-css-opacity\"\/>\n\n\n\n<p>Unsere Ferienwohnung  f\u00fcr 4 Personen mit zwei separaten Schlafzimmern, Wohnk\u00fcche und eigener  \u00fcberdachter Terrasse ist ideal f\u00fcr kleine Familien.<\/p>\n\n\n\n<p><br><br>&gt;&gt;<a href=\"http:\/\/www.meyers-landleben.de\/wohnen\/ferienwohnung\/\"><\/a> <a href=\"https:\/\/www.meyers-landleben.de\/?page_id=121\">zur Ferienwohnung<\/a><\/p>\n<\/div>\n\n\n\n<div class=\"wp-block-column is-layout-flow wp-block-column-is-layout-flow\">\n<figure class=\"wp-block-image size-large\"><a href=\"https:\/\/www.meyers-landleben.de\/?page_id=124\"><img loading=\"lazy\" decoding=\"async\" width=\"1024\" height=\"768\" src=\"https:\/\/www.meyers-landleben.de\/wp-content\/uploads\/kalender-1024x768.jpg\" alt=\"\" class=\"wp-image-298\" srcset=\"https:\/\/www.meyers-landleben.de\/wp-content\/uploads\/kalender-1024x768.jpg 1024w, https:\/\/www.meyers-landleben.de\/wp-content\/uploads\/kalender-300x225.jpg 300w, https:\/\/www.meyers-landleben.de\/wp-content\/uploads\/kalender-768x576.jpg 768w, https:\/\/www.meyers-landleben.de\/wp-content\/uploads\/kalender-1536x1152.jpg 1536w, https:\/\/www.meyers-landleben.de\/wp-content\/uploads\/kalender.jpg 2000w\" sizes=\"(max-width: 1024px) 100vw, 1024px\" \/><\/a><\/figure>\n\n\n\n<h4 class=\"wp-block-heading\">Belegungsplan<br>Urlaub planen leicht gemacht<\/h4>\n\n\n\n<hr class=\"wp-block-separator has-css-opacity\"\/>\n\n\n\n<p><\/p>\n\n\n\n<p>Sie m\u00f6chten bei uns auf dem \nRosenhof Urlaub machen? Hier erfahren Sie, wann unser Ferienhaus oder \ndie Ferienwohnung noch frei sind.<\/p>\n\n\n\n<p><br><br>&gt;&gt; <a href=\"https:\/\/www.meyers-landleben.de\/?page_id=124\">zum Belegungsplan<\/a><\/p>\n<\/div>\n<\/div>\n","protected":false},"excerpt":{"rendered":"<p>WohnenIndividuell und l\u00e4ndlich Ganz gleich, ob Sie Ihren Urlaub in Familie in unserer Ferienwohnung oder im gro\u00dfz\u00fcgigen Holzhaus verbringen &#8211; bei uns auf dem Rosenhof finden insbesondere Familien ideale Gegebenheiten f\u00fcr die sch\u00f6nsten Tage des Jahres. Bei der Einrichtung legen wir Wert auf ein l\u00e4ndliches Ambiente, kombiniert mit moderner und&#8230;<\/p>\n","protected":false},"author":1,"featured_media":0,"parent":0,"menu_order":3,"comment_status":"closed","ping_status":"closed","template":"","meta":{"footnotes":""},"yoast_head":"<!-- This site is optimized with the Yoast SEO plugin v23.0 - https:\/\/yoast.com\/wordpress\/plugins\/seo\/ -->\n<title>Wohnen | Meyers Landleben auf dem Rosenhof<\/title>\n<meta name=\"description\" content=\"Bauernhofurlaub am Harz - Ferienhaus, Ferienwohnung auf dem Bauernhof mit Sauna, Spielplatz, Schwimmteich in Th\u00fcringen\" \/>\n<meta name=\"robots\" content=\"index, follow, max-snippet:-1, max-image-preview:large, max-video-preview:-1\" \/>\n<link rel=\"canonical\" href=\"https:\/\/www.meyers-landleben.de\/?page_id=114\" \/>\n<meta property=\"og:locale\" content=\"de_DE\" \/>\n<meta property=\"og:type\" content=\"article\" \/>\n<meta property=\"og:title\" content=\"Wohnen | Meyers Landleben auf dem Rosenhof\" \/>\n<meta property=\"og:description\" content=\"Bauernhofurlaub am Harz - Ferienhaus, Ferienwohnung auf dem Bauernhof mit Sauna, Spielplatz, Schwimmteich in Th\u00fcringen\" \/>\n<meta property=\"og:url\" content=\"https:\/\/www.meyers-landleben.de\/?page_id=114\" \/>\n<meta property=\"og:site_name\" content=\"Meyers Landleben auf dem Rosenhof\" \/>\n<meta property=\"article:modified_time\" content=\"2024-07-16T12:28:40+00:00\" \/>\n<meta property=\"og:image\" content=\"https:\/\/www.meyers-landleben.de\/wp-content\/uploads\/2018-ferienhaus-1024x768.jpg\" \/>\n<meta name=\"twitter:card\" content=\"summary_large_image\" \/>\n<meta name=\"twitter:label1\" content=\"Gesch\u00e4tzte Lesezeit\" \/>\n\t<meta name=\"twitter:data1\" content=\"2\u00a0Minuten\" \/>\n<script type=\"application\/ld+json\" class=\"yoast-schema-graph\">{\"@context\":\"https:\/\/schema.org\",\"@graph\":[{\"@type\":\"WebPage\",\"@id\":\"https:\/\/www.meyers-landleben.de\/?page_id=114\",\"url\":\"https:\/\/www.meyers-landleben.de\/?page_id=114\",\"name\":\"Wohnen | Meyers Landleben auf dem Rosenhof\",\"isPartOf\":{\"@id\":\"https:\/\/www.meyers-landleben.de\/#website\"},\"primaryImageOfPage\":{\"@id\":\"https:\/\/www.meyers-landleben.de\/?page_id=114#primaryimage\"},\"image\":{\"@id\":\"https:\/\/www.meyers-landleben.de\/?page_id=114#primaryimage\"},\"thumbnailUrl\":\"https:\/\/www.meyers-landleben.de\/wp-content\/uploads\/2018-ferienhaus-1024x768.jpg\",\"datePublished\":\"2019-11-24T20:52:03+00:00\",\"dateModified\":\"2024-07-16T12:28:40+00:00\",\"description\":\"Bauernhofurlaub am Harz - Ferienhaus, Ferienwohnung auf dem Bauernhof mit Sauna, Spielplatz, Schwimmteich in Th\u00fcringen\",\"breadcrumb\":{\"@id\":\"https:\/\/www.meyers-landleben.de\/?page_id=114#breadcrumb\"},\"inLanguage\":\"de\",\"potentialAction\":[{\"@type\":\"ReadAction\",\"target\":[\"https:\/\/www.meyers-landleben.de\/?page_id=114\"]}]},{\"@type\":\"ImageObject\",\"inLanguage\":\"de\",\"@id\":\"https:\/\/www.meyers-landleben.de\/?page_id=114#primaryimage\",\"url\":\"https:\/\/www.meyers-landleben.de\/wp-content\/uploads\/2018-ferienhaus.jpg\",\"contentUrl\":\"https:\/\/www.meyers-landleben.de\/wp-content\/uploads\/2018-ferienhaus.jpg\",\"width\":2000,\"height\":1500},{\"@type\":\"BreadcrumbList\",\"@id\":\"https:\/\/www.meyers-landleben.de\/?page_id=114#breadcrumb\",\"itemListElement\":[{\"@type\":\"ListItem\",\"position\":1,\"name\":\"Startseite\",\"item\":\"https:\/\/www.meyers-landleben.de\/\"},{\"@type\":\"ListItem\",\"position\":2,\"name\":\"Wohnen\"}]},{\"@type\":\"WebSite\",\"@id\":\"https:\/\/www.meyers-landleben.de\/#website\",\"url\":\"https:\/\/www.meyers-landleben.de\/\",\"name\":\"Meyers Landleben auf dem Rosenhof\",\"description\":\"\",\"publisher\":{\"@id\":\"https:\/\/www.meyers-landleben.de\/#\/schema\/person\/a97f739f0677688f47b84cba68fc5da0\"},\"potentialAction\":[{\"@type\":\"SearchAction\",\"target\":{\"@type\":\"EntryPoint\",\"urlTemplate\":\"https:\/\/www.meyers-landleben.de\/?s={search_term_string}\"},\"query-input\":\"required name=search_term_string\"}],\"inLanguage\":\"de\"},{\"@type\":[\"Person\",\"Organization\"],\"@id\":\"https:\/\/www.meyers-landleben.de\/#\/schema\/person\/a97f739f0677688f47b84cba68fc5da0\",\"name\":\"meyer\",\"image\":{\"@type\":\"ImageObject\",\"inLanguage\":\"de\",\"@id\":\"https:\/\/www.meyers-landleben.de\/#\/schema\/person\/image\/\",\"url\":\"https:\/\/www.meyers-landleben.de\/wp-content\/uploads\/logo_final.png\",\"contentUrl\":\"https:\/\/www.meyers-landleben.de\/wp-content\/uploads\/logo_final.png\",\"width\":3833,\"height\":515,\"caption\":\"meyer\"},\"logo\":{\"@id\":\"https:\/\/www.meyers-landleben.de\/#\/schema\/person\/image\/\"}}]}<\/script>\n<!-- \/ Yoast SEO plugin. -->","yoast_head_json":{"title":"Wohnen | Meyers Landleben auf dem Rosenhof","description":"Bauernhofurlaub am Harz - Ferienhaus, Ferienwohnung auf dem Bauernhof mit Sauna, Spielplatz, Schwimmteich in Th\u00fcringen","robots":{"index":"index","follow":"follow","max-snippet":"max-snippet:-1","max-image-preview":"max-image-preview:large","max-video-preview":"max-video-preview:-1"},"canonical":"https:\/\/www.meyers-landleben.de\/?page_id=114","og_locale":"de_DE","og_type":"article","og_title":"Wohnen | Meyers Landleben auf dem Rosenhof","og_description":"Bauernhofurlaub am Harz - Ferienhaus, Ferienwohnung auf dem Bauernhof mit Sauna, Spielplatz, Schwimmteich in Th\u00fcringen","og_url":"https:\/\/www.meyers-landleben.de\/?page_id=114","og_site_name":"Meyers Landleben auf dem Rosenhof","article_modified_time":"2024-07-16T12:28:40+00:00","og_image":[{"url":"https:\/\/www.meyers-landleben.de\/wp-content\/uploads\/2018-ferienhaus-1024x768.jpg"}],"twitter_card":"summary_large_image","twitter_misc":{"Gesch\u00e4tzte Lesezeit":"2\u00a0Minuten"},"schema":{"@context":"https:\/\/schema.org","@graph":[{"@type":"WebPage","@id":"https:\/\/www.meyers-landleben.de\/?page_id=114","url":"https:\/\/www.meyers-landleben.de\/?page_id=114","name":"Wohnen | Meyers Landleben auf dem Rosenhof","isPartOf":{"@id":"https:\/\/www.meyers-landleben.de\/#website"},"primaryImageOfPage":{"@id":"https:\/\/www.meyers-landleben.de\/?page_id=114#primaryimage"},"image":{"@id":"https:\/\/www.meyers-landleben.de\/?page_id=114#primaryimage"},"thumbnailUrl":"https:\/\/www.meyers-landleben.de\/wp-content\/uploads\/2018-ferienhaus-1024x768.jpg","datePublished":"2019-11-24T20:52:03+00:00","dateModified":"2024-07-16T12:28:40+00:00","description":"Bauernhofurlaub am Harz - Ferienhaus, Ferienwohnung auf dem Bauernhof mit Sauna, Spielplatz, Schwimmteich in Th\u00fcringen","breadcrumb":{"@id":"https:\/\/www.meyers-landleben.de\/?page_id=114#breadcrumb"},"inLanguage":"de","potentialAction":[{"@type":"ReadAction","target":["https:\/\/www.meyers-landleben.de\/?page_id=114"]}]},{"@type":"ImageObject","inLanguage":"de","@id":"https:\/\/www.meyers-landleben.de\/?page_id=114#primaryimage","url":"https:\/\/www.meyers-landleben.de\/wp-content\/uploads\/2018-ferienhaus.jpg","contentUrl":"https:\/\/www.meyers-landleben.de\/wp-content\/uploads\/2018-ferienhaus.jpg","width":2000,"height":1500},{"@type":"BreadcrumbList","@id":"https:\/\/www.meyers-landleben.de\/?page_id=114#breadcrumb","itemListElement":[{"@type":"ListItem","position":1,"name":"Startseite","item":"https:\/\/www.meyers-landleben.de\/"},{"@type":"ListItem","position":2,"name":"Wohnen"}]},{"@type":"WebSite","@id":"https:\/\/www.meyers-landleben.de\/#website","url":"https:\/\/www.meyers-landleben.de\/","name":"Meyers Landleben auf dem Rosenhof","description":"","publisher":{"@id":"https:\/\/www.meyers-landleben.de\/#\/schema\/person\/a97f739f0677688f47b84cba68fc5da0"},"potentialAction":[{"@type":"SearchAction","target":{"@type":"EntryPoint","urlTemplate":"https:\/\/www.meyers-landleben.de\/?s={search_term_string}"},"query-input":"required name=search_term_string"}],"inLanguage":"de"},{"@type":["Person","Organization"],"@id":"https:\/\/www.meyers-landleben.de\/#\/schema\/person\/a97f739f0677688f47b84cba68fc5da0","name":"meyer","image":{"@type":"ImageObject","inLanguage":"de","@id":"https:\/\/www.meyers-landleben.de\/#\/schema\/person\/image\/","url":"https:\/\/www.meyers-landleben.de\/wp-content\/uploads\/logo_final.png","contentUrl":"https:\/\/www.meyers-landleben.de\/wp-content\/uploads\/logo_final.png","width":3833,"height":515,"caption":"meyer"},"logo":{"@id":"https:\/\/www.meyers-landleben.de\/#\/schema\/person\/image\/"}}]}},"_links":{"self":[{"href":"https:\/\/www.meyers-landleben.de\/index.php?rest_route=\/wp\/v2\/pages\/114"}],"collection":[{"href":"https:\/\/www.meyers-landleben.de\/index.php?rest_route=\/wp\/v2\/pages"}],"about":[{"href":"https:\/\/www.meyers-landleben.de\/index.php?rest_route=\/wp\/v2\/types\/page"}],"author":[{"embeddable":true,"href":"https:\/\/www.meyers-landleben.de\/index.php?rest_route=\/wp\/v2\/users\/1"}],"replies":[{"embeddable":true,"href":"https:\/\/www.meyers-landleben.de\/index.php?rest_route=%2Fwp%2Fv2%2Fcomments&post=114"}],"version-history":[{"count":38,"href":"https:\/\/www.meyers-landleben.de\/index.php?rest_route=\/wp\/v2\/pages\/114\/revisions"}],"predecessor-version":[{"id":782,"href":"https:\/\/www.meyers-landleben.de\/index.php?rest_route=\/wp\/v2\/pages\/114\/revisions\/782"}],"wp:attachment":[{"href":"https:\/\/www.meyers-landleben.de\/index.php?rest_route=%2Fwp%2Fv2%2Fmedia&parent=114"}],"curies":[{"name":"wp","href":"https:\/\/api.w.org\/{rel}","templated":true}]}}