{"id":103,"date":"2019-11-24T21:48:14","date_gmt":"2019-11-24T20:48:14","guid":{"rendered":"http:\/\/localhost\/meyers-landleben.de\/wordpress\/?page_id=103"},"modified":"2020-02-10T22:04:20","modified_gmt":"2020-02-10T21:04:20","slug":"service-angebote","status":"publish","type":"page","link":"https:\/\/www.meyers-landleben.de\/?page_id=103","title":{"rendered":"Angebote + Leistungen"},"content":{"rendered":"\n<h4 class=\"wp-block-heading\">Angebote und Leistungen<br>Das k\u00f6nnen Sie auf dem Rosenhof erwarten<\/h4>\n\n\n\n<p>F\u00fcr einen rundum gelungenen Urlaub halten wir folgende Angebote und Leistungen f\u00fcr Sie bereit:<\/p>\n\n\n\n<ul><li>Kleinkindausstattung (Kinderbett, Hochstuhl, T\u00f6pfchen, Babyphone, etc.)<\/li><li>gro\u00dfer Garten mit Spielwiese und Spielplatz<\/li><li>Wellness mit Sauna, Massagen und Kneipp-Anwendungen<\/li><li>Br\u00f6tchenservice mit Br\u00f6tchen vom Ortsb\u00e4cker f\u00fcr einen guten Start in den Tag<\/li><li>kostenfreier Verleih der hofeigenen Fahrr\u00e4der nach Absprache und Verf\u00fcgbarkeit<\/li><li>Grillplatz f\u00fcr gem\u00fctliche Grillabende sowie mobiler Kugelgrill<\/li><li>frische Eier von unseren H\u00fchnern (je nach Legefreudigkeit der Tiere)<\/li><li>Selbstbedienung beim Obst von der Obstwiese und Kr\u00e4utern aus der Kr\u00e4uterspirale<\/li><li>Einkaufsservice vor der Anreise nach Absprache<\/li><li>Nutzung von Waschmaschine und Trockner f\u00fcr die kleine W\u00e4sche zwischendurch<\/li><li>Mithilfe auf dem Hof und Mitfahren auf den modernen Maschinen im heutigen Ackerbau<\/li><li>Vermittlung von Kutschfahrten<\/li><li>umfangreiches Informationsmaterial zu Freizeitm\u00f6glichkeiten und Sehensw\u00fcrdigkeiten der Umgebung<\/li><li>wenn Sie mit der Bahn unterwegs sind, holen wir Sie nach Absprache gern ab<\/li><\/ul>\n\n\n\n<p><strong>Hinweis:<\/strong> In Windehausen gibt es einen sehr guten Metzger, der Mittagessen f\u00fcr 4 \u20ac anbietet.<\/p>\n\n\n\n<div style=\"height:65px\" aria-hidden=\"true\" class=\"wp-block-spacer\"><\/div>\n\n\n\n<div class=\"wp-block-columns is-layout-flex wp-container-core-columns-is-layout-1 wp-block-columns-is-layout-flex\">\n<div class=\"wp-block-column is-layout-flow wp-block-column-is-layout-flow\">\n<figure class=\"wp-block-image size-large\"><img loading=\"lazy\" decoding=\"async\" width=\"800\" height=\"533\" src=\"https:\/\/www.meyers-landleben.de\/wp-content\/uploads\/IMG_3086-89.jpg\" alt=\"\" class=\"wp-image-467\" srcset=\"https:\/\/www.meyers-landleben.de\/wp-content\/uploads\/IMG_3086-89.jpg 800w, https:\/\/www.meyers-landleben.de\/wp-content\/uploads\/IMG_3086-89-300x200.jpg 300w, https:\/\/www.meyers-landleben.de\/wp-content\/uploads\/IMG_3086-89-768x512.jpg 768w\" sizes=\"(max-width: 800px) 100vw, 800px\" \/><\/figure>\n\n\n\n<p>Wellness mit Sauna, Massagen und Kneipp-Anwendungen<\/p>\n<\/div>\n\n\n\n<div class=\"wp-block-column is-layout-flow wp-block-column-is-layout-flow\">\n<figure class=\"wp-block-image size-large\"><img loading=\"lazy\" decoding=\"async\" width=\"800\" height=\"533\" src=\"https:\/\/www.meyers-landleben.de\/wp-content\/uploads\/IMG_3118-106.jpg\" alt=\"\" class=\"wp-image-468\" srcset=\"https:\/\/www.meyers-landleben.de\/wp-content\/uploads\/IMG_3118-106.jpg 800w, https:\/\/www.meyers-landleben.de\/wp-content\/uploads\/IMG_3118-106-300x200.jpg 300w, https:\/\/www.meyers-landleben.de\/wp-content\/uploads\/IMG_3118-106-768x512.jpg 768w\" sizes=\"(max-width: 800px) 100vw, 800px\" \/><\/figure>\n\n\n\n<p>Frische Eier von unseren H\u00fchnern<\/p>\n<\/div>\n\n\n\n<div class=\"wp-block-column is-layout-flow wp-block-column-is-layout-flow\">\n<figure class=\"wp-block-image size-large\"><img loading=\"lazy\" decoding=\"async\" width=\"800\" height=\"533\" src=\"https:\/\/www.meyers-landleben.de\/wp-content\/uploads\/IMG_3250-177.jpg\" alt=\"\" class=\"wp-image-469\" srcset=\"https:\/\/www.meyers-landleben.de\/wp-content\/uploads\/IMG_3250-177.jpg 800w, https:\/\/www.meyers-landleben.de\/wp-content\/uploads\/IMG_3250-177-300x200.jpg 300w, https:\/\/www.meyers-landleben.de\/wp-content\/uploads\/IMG_3250-177-768x512.jpg 768w\" sizes=\"(max-width: 800px) 100vw, 800px\" \/><\/figure>\n\n\n\n<p>Selbstbedienung beim Obst von der Obstwiese und Kr\u00e4utern aus der Kr\u00e4uterspirale<\/p>\n<\/div>\n<\/div>\n\n\n\n<div style=\"height:51px\" aria-hidden=\"true\" class=\"wp-block-spacer\"><\/div>\n\n\n\n<figure class=\"wp-block-embed-youtube wp-block-embed is-type-video is-provider-youtube wp-embed-aspect-16-9 wp-has-aspect-ratio\"><div class=\"wp-block-embed__wrapper\">\n<iframe loading=\"lazy\" title=\"Erntefrisch ins Glas\" width=\"790\" height=\"444\" src=\"https:\/\/www.youtube.com\/embed\/W0Xeed4N738?feature=oembed\" frameborder=\"0\" allow=\"accelerometer; autoplay; encrypted-media; gyroscope; picture-in-picture\" allowfullscreen><\/iframe>\n<\/div><\/figure>\n","protected":false},"excerpt":{"rendered":"<p>Angebote und LeistungenDas k\u00f6nnen Sie auf dem Rosenhof erwarten F\u00fcr einen rundum gelungenen Urlaub halten wir folgende Angebote und Leistungen f\u00fcr Sie bereit: Kleinkindausstattung (Kinderbett, Hochstuhl, T\u00f6pfchen, Babyphone, etc.) gro\u00dfer Garten mit Spielwiese und Spielplatz Wellness mit Sauna, Massagen und Kneipp-Anwendungen Br\u00f6tchenservice mit Br\u00f6tchen vom Ortsb\u00e4cker f\u00fcr einen guten Start&#8230;<\/p>\n","protected":false},"author":1,"featured_media":0,"parent":97,"menu_order":0,"comment_status":"closed","ping_status":"closed","template":"","meta":{"footnotes":""},"yoast_head":"<!-- This site is optimized with the Yoast SEO plugin v23.0 - https:\/\/yoast.com\/wordpress\/plugins\/seo\/ -->\n<title>Angebote + Leistungen | Meyers Landleben auf dem Rosenhof<\/title>\n<meta name=\"description\" content=\"Bauernhofurlaub am Harz - Ferienhaus, Ferienwohnung auf dem Bauernhof mit Sauna, Spielplatz, Schwimmteich in Th\u00fcringen\" \/>\n<meta name=\"robots\" content=\"index, follow, max-snippet:-1, max-image-preview:large, max-video-preview:-1\" \/>\n<link rel=\"canonical\" href=\"https:\/\/www.meyers-landleben.de\/?page_id=103\" \/>\n<meta property=\"og:locale\" content=\"de_DE\" \/>\n<meta property=\"og:type\" content=\"article\" \/>\n<meta property=\"og:title\" content=\"Angebote + Leistungen | Meyers Landleben auf dem Rosenhof\" \/>\n<meta property=\"og:description\" content=\"Bauernhofurlaub am Harz - Ferienhaus, Ferienwohnung auf dem Bauernhof mit Sauna, Spielplatz, Schwimmteich in Th\u00fcringen\" \/>\n<meta property=\"og:url\" content=\"https:\/\/www.meyers-landleben.de\/?page_id=103\" \/>\n<meta property=\"og:site_name\" content=\"Meyers Landleben auf dem Rosenhof\" \/>\n<meta property=\"article:modified_time\" content=\"2020-02-10T21:04:20+00:00\" \/>\n<meta property=\"og:image\" content=\"https:\/\/www.meyers-landleben.de\/wp-content\/uploads\/IMG_3086-89.jpg\" \/>\n<meta name=\"twitter:card\" content=\"summary_large_image\" \/>\n<meta name=\"twitter:label1\" content=\"Gesch\u00e4tzte Lesezeit\" \/>\n\t<meta name=\"twitter:data1\" content=\"1\u00a0Minute\" \/>\n<script type=\"application\/ld+json\" class=\"yoast-schema-graph\">{\"@context\":\"https:\/\/schema.org\",\"@graph\":[{\"@type\":\"WebPage\",\"@id\":\"https:\/\/www.meyers-landleben.de\/?page_id=103\",\"url\":\"https:\/\/www.meyers-landleben.de\/?page_id=103\",\"name\":\"Angebote + Leistungen | Meyers Landleben auf dem Rosenhof\",\"isPartOf\":{\"@id\":\"https:\/\/www.meyers-landleben.de\/#website\"},\"primaryImageOfPage\":{\"@id\":\"https:\/\/www.meyers-landleben.de\/?page_id=103#primaryimage\"},\"image\":{\"@id\":\"https:\/\/www.meyers-landleben.de\/?page_id=103#primaryimage\"},\"thumbnailUrl\":\"https:\/\/www.meyers-landleben.de\/wp-content\/uploads\/IMG_3086-89.jpg\",\"datePublished\":\"2019-11-24T20:48:14+00:00\",\"dateModified\":\"2020-02-10T21:04:20+00:00\",\"description\":\"Bauernhofurlaub am Harz - Ferienhaus, Ferienwohnung auf dem Bauernhof mit Sauna, Spielplatz, Schwimmteich in Th\u00fcringen\",\"breadcrumb\":{\"@id\":\"https:\/\/www.meyers-landleben.de\/?page_id=103#breadcrumb\"},\"inLanguage\":\"de\",\"potentialAction\":[{\"@type\":\"ReadAction\",\"target\":[\"https:\/\/www.meyers-landleben.de\/?page_id=103\"]}]},{\"@type\":\"ImageObject\",\"inLanguage\":\"de\",\"@id\":\"https:\/\/www.meyers-landleben.de\/?page_id=103#primaryimage\",\"url\":\"https:\/\/www.meyers-landleben.de\/wp-content\/uploads\/IMG_3086-89.jpg\",\"contentUrl\":\"https:\/\/www.meyers-landleben.de\/wp-content\/uploads\/IMG_3086-89.jpg\",\"width\":800,\"height\":533},{\"@type\":\"BreadcrumbList\",\"@id\":\"https:\/\/www.meyers-landleben.de\/?page_id=103#breadcrumb\",\"itemListElement\":[{\"@type\":\"ListItem\",\"position\":1,\"name\":\"Startseite\",\"item\":\"https:\/\/www.meyers-landleben.de\/\"},{\"@type\":\"ListItem\",\"position\":2,\"name\":\"Unser Hof\",\"item\":\"https:\/\/www.meyers-landleben.de\/?page_id=97\"},{\"@type\":\"ListItem\",\"position\":3,\"name\":\"Angebote + Leistungen\"}]},{\"@type\":\"WebSite\",\"@id\":\"https:\/\/www.meyers-landleben.de\/#website\",\"url\":\"https:\/\/www.meyers-landleben.de\/\",\"name\":\"Meyers Landleben auf dem Rosenhof\",\"description\":\"\",\"publisher\":{\"@id\":\"https:\/\/www.meyers-landleben.de\/#\/schema\/person\/a97f739f0677688f47b84cba68fc5da0\"},\"potentialAction\":[{\"@type\":\"SearchAction\",\"target\":{\"@type\":\"EntryPoint\",\"urlTemplate\":\"https:\/\/www.meyers-landleben.de\/?s={search_term_string}\"},\"query-input\":\"required name=search_term_string\"}],\"inLanguage\":\"de\"},{\"@type\":[\"Person\",\"Organization\"],\"@id\":\"https:\/\/www.meyers-landleben.de\/#\/schema\/person\/a97f739f0677688f47b84cba68fc5da0\",\"name\":\"meyer\",\"image\":{\"@type\":\"ImageObject\",\"inLanguage\":\"de\",\"@id\":\"https:\/\/www.meyers-landleben.de\/#\/schema\/person\/image\/\",\"url\":\"https:\/\/www.meyers-landleben.de\/wp-content\/uploads\/logo_final.png\",\"contentUrl\":\"https:\/\/www.meyers-landleben.de\/wp-content\/uploads\/logo_final.png\",\"width\":3833,\"height\":515,\"caption\":\"meyer\"},\"logo\":{\"@id\":\"https:\/\/www.meyers-landleben.de\/#\/schema\/person\/image\/\"}}]}<\/script>\n<!-- \/ Yoast SEO plugin. -->","yoast_head_json":{"title":"Angebote + Leistungen | Meyers Landleben auf dem Rosenhof","description":"Bauernhofurlaub am Harz - Ferienhaus, Ferienwohnung auf dem Bauernhof mit Sauna, Spielplatz, Schwimmteich in Th\u00fcringen","robots":{"index":"index","follow":"follow","max-snippet":"max-snippet:-1","max-image-preview":"max-image-preview:large","max-video-preview":"max-video-preview:-1"},"canonical":"https:\/\/www.meyers-landleben.de\/?page_id=103","og_locale":"de_DE","og_type":"article","og_title":"Angebote + Leistungen | Meyers Landleben auf dem Rosenhof","og_description":"Bauernhofurlaub am Harz - Ferienhaus, Ferienwohnung auf dem Bauernhof mit Sauna, Spielplatz, Schwimmteich in Th\u00fcringen","og_url":"https:\/\/www.meyers-landleben.de\/?page_id=103","og_site_name":"Meyers Landleben auf dem Rosenhof","article_modified_time":"2020-02-10T21:04:20+00:00","og_image":[{"url":"https:\/\/www.meyers-landleben.de\/wp-content\/uploads\/IMG_3086-89.jpg"}],"twitter_card":"summary_large_image","twitter_misc":{"Gesch\u00e4tzte Lesezeit":"1\u00a0Minute"},"schema":{"@context":"https:\/\/schema.org","@graph":[{"@type":"WebPage","@id":"https:\/\/www.meyers-landleben.de\/?page_id=103","url":"https:\/\/www.meyers-landleben.de\/?page_id=103","name":"Angebote + Leistungen | Meyers Landleben auf dem Rosenhof","isPartOf":{"@id":"https:\/\/www.meyers-landleben.de\/#website"},"primaryImageOfPage":{"@id":"https:\/\/www.meyers-landleben.de\/?page_id=103#primaryimage"},"image":{"@id":"https:\/\/www.meyers-landleben.de\/?page_id=103#primaryimage"},"thumbnailUrl":"https:\/\/www.meyers-landleben.de\/wp-content\/uploads\/IMG_3086-89.jpg","datePublished":"2019-11-24T20:48:14+00:00","dateModified":"2020-02-10T21:04:20+00:00","description":"Bauernhofurlaub am Harz - Ferienhaus, Ferienwohnung auf dem Bauernhof mit Sauna, Spielplatz, Schwimmteich in Th\u00fcringen","breadcrumb":{"@id":"https:\/\/www.meyers-landleben.de\/?page_id=103#breadcrumb"},"inLanguage":"de","potentialAction":[{"@type":"ReadAction","target":["https:\/\/www.meyers-landleben.de\/?page_id=103"]}]},{"@type":"ImageObject","inLanguage":"de","@id":"https:\/\/www.meyers-landleben.de\/?page_id=103#primaryimage","url":"https:\/\/www.meyers-landleben.de\/wp-content\/uploads\/IMG_3086-89.jpg","contentUrl":"https:\/\/www.meyers-landleben.de\/wp-content\/uploads\/IMG_3086-89.jpg","width":800,"height":533},{"@type":"BreadcrumbList","@id":"https:\/\/www.meyers-landleben.de\/?page_id=103#breadcrumb","itemListElement":[{"@type":"ListItem","position":1,"name":"Startseite","item":"https:\/\/www.meyers-landleben.de\/"},{"@type":"ListItem","position":2,"name":"Unser Hof","item":"https:\/\/www.meyers-landleben.de\/?page_id=97"},{"@type":"ListItem","position":3,"name":"Angebote + Leistungen"}]},{"@type":"WebSite","@id":"https:\/\/www.meyers-landleben.de\/#website","url":"https:\/\/www.meyers-landleben.de\/","name":"Meyers Landleben auf dem Rosenhof","description":"","publisher":{"@id":"https:\/\/www.meyers-landleben.de\/#\/schema\/person\/a97f739f0677688f47b84cba68fc5da0"},"potentialAction":[{"@type":"SearchAction","target":{"@type":"EntryPoint","urlTemplate":"https:\/\/www.meyers-landleben.de\/?s={search_term_string}"},"query-input":"required name=search_term_string"}],"inLanguage":"de"},{"@type":["Person","Organization"],"@id":"https:\/\/www.meyers-landleben.de\/#\/schema\/person\/a97f739f0677688f47b84cba68fc5da0","name":"meyer","image":{"@type":"ImageObject","inLanguage":"de","@id":"https:\/\/www.meyers-landleben.de\/#\/schema\/person\/image\/","url":"https:\/\/www.meyers-landleben.de\/wp-content\/uploads\/logo_final.png","contentUrl":"https:\/\/www.meyers-landleben.de\/wp-content\/uploads\/logo_final.png","width":3833,"height":515,"caption":"meyer"},"logo":{"@id":"https:\/\/www.meyers-landleben.de\/#\/schema\/person\/image\/"}}]}},"_links":{"self":[{"href":"https:\/\/www.meyers-landleben.de\/index.php?rest_route=\/wp\/v2\/pages\/103"}],"collection":[{"href":"https:\/\/www.meyers-landleben.de\/index.php?rest_route=\/wp\/v2\/pages"}],"about":[{"href":"https:\/\/www.meyers-landleben.de\/index.php?rest_route=\/wp\/v2\/types\/page"}],"author":[{"embeddable":true,"href":"https:\/\/www.meyers-landleben.de\/index.php?rest_route=\/wp\/v2\/users\/1"}],"replies":[{"embeddable":true,"href":"https:\/\/www.meyers-landleben.de\/index.php?rest_route=%2Fwp%2Fv2%2Fcomments&post=103"}],"version-history":[{"count":12,"href":"https:\/\/www.meyers-landleben.de\/index.php?rest_route=\/wp\/v2\/pages\/103\/revisions"}],"predecessor-version":[{"id":694,"href":"https:\/\/www.meyers-landleben.de\/index.php?rest_route=\/wp\/v2\/pages\/103\/revisions\/694"}],"up":[{"embeddable":true,"href":"https:\/\/www.meyers-landleben.de\/index.php?rest_route=\/wp\/v2\/pages\/97"}],"wp:attachment":[{"href":"https:\/\/www.meyers-landleben.de\/index.php?rest_route=%2Fwp%2Fv2%2Fmedia&parent=103"}],"curies":[{"name":"wp","href":"https:\/\/api.w.org\/{rel}","templated":true}]}}