{"id":100,"date":"2019-11-24T21:47:53","date_gmt":"2019-11-24T20:47:53","guid":{"rendered":"http:\/\/localhost\/meyers-landleben.de\/wordpress\/?page_id=100"},"modified":"2020-08-12T21:59:41","modified_gmt":"2020-08-12T19:59:41","slug":"landwirtschaft","status":"publish","type":"page","link":"https:\/\/www.meyers-landleben.de\/?page_id=100","title":{"rendered":"Landwirtschaft"},"content":{"rendered":"\n<h4 class=\"wp-block-heading\">Landwirtschaftsbetrieb Meyer <\/h4>\n\n\n\n<h4 class=\"wp-block-heading\">Modernen Ackerbau hautnah kennenlernen <br><\/h4>\n\n\n\n<div class=\"wp-block-image\"><figure class=\"alignright size-large is-resized\"><img loading=\"lazy\" decoding=\"async\" src=\"https:\/\/www.meyers-landleben.de\/wp-content\/uploads\/400.jpg\" alt=\"\" class=\"wp-image-166\" width=\"300\" height=\"200\" srcset=\"https:\/\/www.meyers-landleben.de\/wp-content\/uploads\/400.jpg 400w, https:\/\/www.meyers-landleben.de\/wp-content\/uploads\/400-300x200.jpg 300w\" sizes=\"(max-width: 300px) 100vw, 300px\" \/><\/figure><\/div>\n\n\n\n<p>Auf ca. 500 ha wachsen auf unserem Betrieb \nGetreide und Blattfr\u00fcchte. Alle Arbeiten werden mit eigenen, modernen \nMaschinen durchgef\u00fchrt. Dabei sind der Zeitpunkt und das Wetter \nwichtiger als der Wochentag. Au\u00dfer uns Familienmitgliedern erledigen \nzwei st\u00e4ndige Mitarbeiter und bis zu drei Saisonarbeitskr\u00e4fte alle \nanfallenden Arbeiten auf den Feldern sowie auf dem Hof. <\/p>\n\n\n\n<p>Die flache Bearbeitung der Stoppel erfolgt mit einer Scheibenegge \noder einem Flachgrubber. Die tiefe Bodenbearbeitung erfolgt mit einem \n6-Schar-Volldrehpflug oder einem Tiefengrubber, die Aussaat mit einer \nKombination aus Kreiselegge und Drillmaschine. Mit der \nPflanzenschutzspritze und dem D\u00fcngerstreuer pflegen, sch\u00fctzen und \nverw\u00f6hnen wir die Kulturpflanzen bis hin zur Ernte. F\u00fcr die Ernte steht \nein 9 Meter breiter Claas M\u00e4hdrescher mit Raupenlaufwerk bereit, um das \nErntegut trocken und gereinigt auf die wartenden Anh\u00e4ngerz\u00fcge zu \nbunkern. Das Getreide kann komplett auf dem Hof eingelagert werden. <\/p>\n\n\n\n<p>Bereits mit der Anbauplanung werden unter Ber\u00fccksichtigung der  Fruchtfolge die Grundsteine f\u00fcr einen integrierten Pflanzenbau und die n\u00e4chste Ernte gelegt. Es werden ebenso D\u00fcnger und Pflanzenschutzmittel wie auch Bakterien und biologische Pflanzenhilfsstoffe eingesetzt, jedoch nur so viel wie n\u00f6tig, um die Ern\u00e4hrung der Frucht sicherzustellen oder um einen Schaden von der Kulturpflanze  fernzuhalten. Verantwortungsbewusst behandeln wir unser wichtigstes  Kapital: unseren Boden und unsere Umwelt.<\/p>\n\n\n\n<div style=\"height:35px\" aria-hidden=\"true\" class=\"wp-block-spacer\"><\/div>\n\n\n\n<figure class=\"wp-block-embed-youtube wp-block-embed is-type-video is-provider-youtube wp-embed-aspect-16-9 wp-has-aspect-ratio\"><div class=\"wp-block-embed__wrapper\">\n<iframe loading=\"lazy\" title=\"Raus auf\u00b4s Land - rein ins Urlaubserlebnis\" width=\"790\" height=\"444\" src=\"https:\/\/www.youtube.com\/embed\/ByMMtL1o7xI?feature=oembed\" frameborder=\"0\" allow=\"accelerometer; autoplay; encrypted-media; gyroscope; picture-in-picture\" allowfullscreen><\/iframe>\n<\/div><\/figure>\n\n\n\n<div style=\"height:47px\" aria-hidden=\"true\" class=\"wp-block-spacer\"><\/div>\n\n\n\n<figure class=\"wp-block-gallery columns-3 is-cropped wp-block-gallery-1 is-layout-flex wp-block-gallery-is-layout-flex\"><ul class=\"blocks-gallery-grid\"><li class=\"blocks-gallery-item\"><figure><img loading=\"lazy\" decoding=\"async\" width=\"300\" height=\"165\" src=\"https:\/\/www.meyers-landleben.de\/wp-content\/uploads\/700-300x165.jpg\" alt=\"\" data-id=\"169\" data-link=\"https:\/\/www.meyers-landleben.de\/?attachment_id=169\" class=\"wp-image-169\" srcset=\"https:\/\/www.meyers-landleben.de\/wp-content\/uploads\/700-300x165.jpg 300w, https:\/\/www.meyers-landleben.de\/wp-content\/uploads\/700.jpg 700w\" sizes=\"(max-width: 300px) 100vw, 300px\" \/><\/figure><\/li><li class=\"blocks-gallery-item\"><figure><img loading=\"lazy\" decoding=\"async\" width=\"1024\" height=\"768\" src=\"https:\/\/www.meyers-landleben.de\/wp-content\/uploads\/WhatsApp-Image-2020-08-10-at-22.13.40-1024x768.jpeg\" alt=\"\" data-id=\"720\" data-full-url=\"https:\/\/www.meyers-landleben.de\/wp-content\/uploads\/WhatsApp-Image-2020-08-10-at-22.13.40.jpeg\" data-link=\"https:\/\/www.meyers-landleben.de\/?attachment_id=720\" class=\"wp-image-720\" srcset=\"https:\/\/www.meyers-landleben.de\/wp-content\/uploads\/WhatsApp-Image-2020-08-10-at-22.13.40-1024x768.jpeg 1024w, https:\/\/www.meyers-landleben.de\/wp-content\/uploads\/WhatsApp-Image-2020-08-10-at-22.13.40-300x225.jpeg 300w, https:\/\/www.meyers-landleben.de\/wp-content\/uploads\/WhatsApp-Image-2020-08-10-at-22.13.40-768x576.jpeg 768w, https:\/\/www.meyers-landleben.de\/wp-content\/uploads\/WhatsApp-Image-2020-08-10-at-22.13.40-1536x1152.jpeg 1536w, https:\/\/www.meyers-landleben.de\/wp-content\/uploads\/WhatsApp-Image-2020-08-10-at-22.13.40.jpeg 1600w\" sizes=\"(max-width: 1024px) 100vw, 1024px\" \/><\/figure><\/li><li class=\"blocks-gallery-item\"><figure><img loading=\"lazy\" decoding=\"async\" width=\"300\" height=\"200\" src=\"https:\/\/www.meyers-landleben.de\/wp-content\/uploads\/kinder-mann-feld-300x200.jpg\" alt=\"\" data-id=\"170\" data-link=\"https:\/\/www.meyers-landleben.de\/?attachment_id=170\" class=\"wp-image-170\" srcset=\"https:\/\/www.meyers-landleben.de\/wp-content\/uploads\/kinder-mann-feld-300x200.jpg 300w, https:\/\/www.meyers-landleben.de\/wp-content\/uploads\/kinder-mann-feld-768x512.jpg 768w, https:\/\/www.meyers-landleben.de\/wp-content\/uploads\/kinder-mann-feld.jpg 1000w\" sizes=\"(max-width: 300px) 100vw, 300px\" \/><\/figure><\/li><li class=\"blocks-gallery-item\"><figure><img loading=\"lazy\" decoding=\"async\" width=\"1024\" height=\"768\" src=\"https:\/\/www.meyers-landleben.de\/wp-content\/uploads\/IMG-20200127-WA0011-1024x768.jpg\" alt=\"\" data-id=\"516\" data-link=\"https:\/\/www.meyers-landleben.de\/?attachment_id=516\" class=\"wp-image-516\" srcset=\"https:\/\/www.meyers-landleben.de\/wp-content\/uploads\/IMG-20200127-WA0011-1024x768.jpg 1024w, https:\/\/www.meyers-landleben.de\/wp-content\/uploads\/IMG-20200127-WA0011-300x225.jpg 300w, https:\/\/www.meyers-landleben.de\/wp-content\/uploads\/IMG-20200127-WA0011-768x576.jpg 768w, https:\/\/www.meyers-landleben.de\/wp-content\/uploads\/IMG-20200127-WA0011-1536x1152.jpg 1536w, https:\/\/www.meyers-landleben.de\/wp-content\/uploads\/IMG-20200127-WA0011.jpg 1600w\" sizes=\"(max-width: 1024px) 100vw, 1024px\" \/><\/figure><\/li><li class=\"blocks-gallery-item\"><figure><img loading=\"lazy\" decoding=\"async\" width=\"1024\" height=\"768\" src=\"https:\/\/www.meyers-landleben.de\/wp-content\/uploads\/WhatsApp-Image-2020-07-20-at-17.18.15-1024x768.jpeg\" alt=\"\" data-id=\"716\" data-full-url=\"https:\/\/www.meyers-landleben.de\/wp-content\/uploads\/WhatsApp-Image-2020-07-20-at-17.18.15.jpeg\" data-link=\"https:\/\/www.meyers-landleben.de\/?attachment_id=716\" class=\"wp-image-716\" srcset=\"https:\/\/www.meyers-landleben.de\/wp-content\/uploads\/WhatsApp-Image-2020-07-20-at-17.18.15-1024x768.jpeg 1024w, https:\/\/www.meyers-landleben.de\/wp-content\/uploads\/WhatsApp-Image-2020-07-20-at-17.18.15-300x225.jpeg 300w, https:\/\/www.meyers-landleben.de\/wp-content\/uploads\/WhatsApp-Image-2020-07-20-at-17.18.15-768x576.jpeg 768w, https:\/\/www.meyers-landleben.de\/wp-content\/uploads\/WhatsApp-Image-2020-07-20-at-17.18.15-1536x1152.jpeg 1536w, https:\/\/www.meyers-landleben.de\/wp-content\/uploads\/WhatsApp-Image-2020-07-20-at-17.18.15.jpeg 1600w\" sizes=\"(max-width: 1024px) 100vw, 1024px\" \/><\/figure><\/li><li class=\"blocks-gallery-item\"><figure><img loading=\"lazy\" decoding=\"async\" width=\"300\" height=\"200\" src=\"https:\/\/www.meyers-landleben.de\/wp-content\/uploads\/maehdrescher-ernte-300x200.jpg\" alt=\"\" data-id=\"171\" data-link=\"https:\/\/www.meyers-landleben.de\/?attachment_id=171\" class=\"wp-image-171\" srcset=\"https:\/\/www.meyers-landleben.de\/wp-content\/uploads\/maehdrescher-ernte-300x200.jpg 300w, https:\/\/www.meyers-landleben.de\/wp-content\/uploads\/maehdrescher-ernte-768x512.jpg 768w, https:\/\/www.meyers-landleben.de\/wp-content\/uploads\/maehdrescher-ernte.jpg 1000w\" sizes=\"(max-width: 300px) 100vw, 300px\" \/><\/figure><\/li><li class=\"blocks-gallery-item\"><figure><img loading=\"lazy\" decoding=\"async\" width=\"1024\" height=\"768\" src=\"https:\/\/www.meyers-landleben.de\/wp-content\/uploads\/WhatsApp-Image-2020-07-20-at-17.18.57-1024x768.jpeg\" alt=\"\" data-id=\"717\" data-full-url=\"https:\/\/www.meyers-landleben.de\/wp-content\/uploads\/WhatsApp-Image-2020-07-20-at-17.18.57.jpeg\" data-link=\"https:\/\/www.meyers-landleben.de\/?attachment_id=717\" class=\"wp-image-717\" srcset=\"https:\/\/www.meyers-landleben.de\/wp-content\/uploads\/WhatsApp-Image-2020-07-20-at-17.18.57-1024x768.jpeg 1024w, https:\/\/www.meyers-landleben.de\/wp-content\/uploads\/WhatsApp-Image-2020-07-20-at-17.18.57-300x225.jpeg 300w, https:\/\/www.meyers-landleben.de\/wp-content\/uploads\/WhatsApp-Image-2020-07-20-at-17.18.57-768x576.jpeg 768w, https:\/\/www.meyers-landleben.de\/wp-content\/uploads\/WhatsApp-Image-2020-07-20-at-17.18.57-1536x1152.jpeg 1536w, https:\/\/www.meyers-landleben.de\/wp-content\/uploads\/WhatsApp-Image-2020-07-20-at-17.18.57.jpeg 1600w\" sizes=\"(max-width: 1024px) 100vw, 1024px\" \/><\/figure><\/li><li class=\"blocks-gallery-item\"><figure><img loading=\"lazy\" decoding=\"async\" width=\"1024\" height=\"768\" src=\"https:\/\/www.meyers-landleben.de\/wp-content\/uploads\/WhatsApp-Image-2020-07-20-at-17.18.59c-1024x768.jpeg\" alt=\"\" data-id=\"718\" data-full-url=\"https:\/\/www.meyers-landleben.de\/wp-content\/uploads\/WhatsApp-Image-2020-07-20-at-17.18.59c.jpeg\" data-link=\"https:\/\/www.meyers-landleben.de\/?attachment_id=718\" class=\"wp-image-718\" srcset=\"https:\/\/www.meyers-landleben.de\/wp-content\/uploads\/WhatsApp-Image-2020-07-20-at-17.18.59c-1024x768.jpeg 1024w, https:\/\/www.meyers-landleben.de\/wp-content\/uploads\/WhatsApp-Image-2020-07-20-at-17.18.59c-300x225.jpeg 300w, https:\/\/www.meyers-landleben.de\/wp-content\/uploads\/WhatsApp-Image-2020-07-20-at-17.18.59c-768x576.jpeg 768w, https:\/\/www.meyers-landleben.de\/wp-content\/uploads\/WhatsApp-Image-2020-07-20-at-17.18.59c-1536x1152.jpeg 1536w, https:\/\/www.meyers-landleben.de\/wp-content\/uploads\/WhatsApp-Image-2020-07-20-at-17.18.59c.jpeg 1600w\" sizes=\"(max-width: 1024px) 100vw, 1024px\" \/><\/figure><\/li><li class=\"blocks-gallery-item\"><figure><img loading=\"lazy\" decoding=\"async\" width=\"1024\" height=\"672\" src=\"https:\/\/www.meyers-landleben.de\/wp-content\/uploads\/WhatsApp-Image-2020-07-22-at-20.02.42-1024x672.jpeg\" alt=\"\" data-id=\"719\" data-full-url=\"https:\/\/www.meyers-landleben.de\/wp-content\/uploads\/WhatsApp-Image-2020-07-22-at-20.02.42.jpeg\" data-link=\"https:\/\/www.meyers-landleben.de\/?attachment_id=719\" class=\"wp-image-719\" srcset=\"https:\/\/www.meyers-landleben.de\/wp-content\/uploads\/WhatsApp-Image-2020-07-22-at-20.02.42-1024x672.jpeg 1024w, https:\/\/www.meyers-landleben.de\/wp-content\/uploads\/WhatsApp-Image-2020-07-22-at-20.02.42-300x197.jpeg 300w, https:\/\/www.meyers-landleben.de\/wp-content\/uploads\/WhatsApp-Image-2020-07-22-at-20.02.42-768x504.jpeg 768w, https:\/\/www.meyers-landleben.de\/wp-content\/uploads\/WhatsApp-Image-2020-07-22-at-20.02.42-1536x1008.jpeg 1536w, https:\/\/www.meyers-landleben.de\/wp-content\/uploads\/WhatsApp-Image-2020-07-22-at-20.02.42.jpeg 1600w\" sizes=\"(max-width: 1024px) 100vw, 1024px\" \/><\/figure><\/li><\/ul><\/figure>\n","protected":false},"excerpt":{"rendered":"<p>Landwirtschaftsbetrieb Meyer Modernen Ackerbau hautnah kennenlernen Auf ca. 500 ha wachsen auf unserem Betrieb Getreide und Blattfr\u00fcchte. Alle Arbeiten werden mit eigenen, modernen Maschinen durchgef\u00fchrt. Dabei sind der Zeitpunkt und das Wetter wichtiger als der Wochentag. Au\u00dfer uns Familienmitgliedern erledigen zwei st\u00e4ndige Mitarbeiter und bis zu drei Saisonarbeitskr\u00e4fte alle anfallenden&#8230;<\/p>\n","protected":false},"author":1,"featured_media":0,"parent":97,"menu_order":0,"comment_status":"closed","ping_status":"closed","template":"","meta":{"footnotes":""},"yoast_head":"<!-- This site is optimized with the Yoast SEO plugin v23.0 - https:\/\/yoast.com\/wordpress\/plugins\/seo\/ -->\n<title>Landwirtschaft | Meyers Landleben auf dem Rosenhof<\/title>\n<meta name=\"description\" content=\"Bauernhofurlaub am Harz - Ferienhaus, Ferienwohnung auf dem Bauernhof mit Sauna, Spielplatz, Schwimmteich in Th\u00fcringen\" \/>\n<meta name=\"robots\" content=\"index, follow, max-snippet:-1, max-image-preview:large, max-video-preview:-1\" \/>\n<link rel=\"canonical\" href=\"https:\/\/www.meyers-landleben.de\/?page_id=100\" \/>\n<meta property=\"og:locale\" content=\"de_DE\" \/>\n<meta property=\"og:type\" content=\"article\" \/>\n<meta property=\"og:title\" content=\"Landwirtschaft | Meyers Landleben auf dem Rosenhof\" \/>\n<meta property=\"og:description\" content=\"Bauernhofurlaub am Harz - Ferienhaus, Ferienwohnung auf dem Bauernhof mit Sauna, Spielplatz, Schwimmteich in Th\u00fcringen\" \/>\n<meta property=\"og:url\" content=\"https:\/\/www.meyers-landleben.de\/?page_id=100\" \/>\n<meta property=\"og:site_name\" content=\"Meyers Landleben auf dem Rosenhof\" \/>\n<meta property=\"article:modified_time\" content=\"2020-08-12T19:59:41+00:00\" \/>\n<meta property=\"og:image\" content=\"https:\/\/www.meyers-landleben.de\/wp-content\/uploads\/400.jpg\" \/>\n<meta name=\"twitter:card\" content=\"summary_large_image\" \/>\n<meta name=\"twitter:label1\" content=\"Gesch\u00e4tzte Lesezeit\" \/>\n\t<meta name=\"twitter:data1\" content=\"1\u00a0Minute\" \/>\n<script type=\"application\/ld+json\" class=\"yoast-schema-graph\">{\"@context\":\"https:\/\/schema.org\",\"@graph\":[{\"@type\":\"WebPage\",\"@id\":\"https:\/\/www.meyers-landleben.de\/?page_id=100\",\"url\":\"https:\/\/www.meyers-landleben.de\/?page_id=100\",\"name\":\"Landwirtschaft | Meyers Landleben auf dem Rosenhof\",\"isPartOf\":{\"@id\":\"https:\/\/www.meyers-landleben.de\/#website\"},\"primaryImageOfPage\":{\"@id\":\"https:\/\/www.meyers-landleben.de\/?page_id=100#primaryimage\"},\"image\":{\"@id\":\"https:\/\/www.meyers-landleben.de\/?page_id=100#primaryimage\"},\"thumbnailUrl\":\"https:\/\/www.meyers-landleben.de\/wp-content\/uploads\/400.jpg\",\"datePublished\":\"2019-11-24T20:47:53+00:00\",\"dateModified\":\"2020-08-12T19:59:41+00:00\",\"description\":\"Bauernhofurlaub am Harz - Ferienhaus, Ferienwohnung auf dem Bauernhof mit Sauna, Spielplatz, Schwimmteich in Th\u00fcringen\",\"breadcrumb\":{\"@id\":\"https:\/\/www.meyers-landleben.de\/?page_id=100#breadcrumb\"},\"inLanguage\":\"de\",\"potentialAction\":[{\"@type\":\"ReadAction\",\"target\":[\"https:\/\/www.meyers-landleben.de\/?page_id=100\"]}]},{\"@type\":\"ImageObject\",\"inLanguage\":\"de\",\"@id\":\"https:\/\/www.meyers-landleben.de\/?page_id=100#primaryimage\",\"url\":\"https:\/\/www.meyers-landleben.de\/wp-content\/uploads\/400.jpg\",\"contentUrl\":\"https:\/\/www.meyers-landleben.de\/wp-content\/uploads\/400.jpg\",\"width\":400,\"height\":266},{\"@type\":\"BreadcrumbList\",\"@id\":\"https:\/\/www.meyers-landleben.de\/?page_id=100#breadcrumb\",\"itemListElement\":[{\"@type\":\"ListItem\",\"position\":1,\"name\":\"Startseite\",\"item\":\"https:\/\/www.meyers-landleben.de\/\"},{\"@type\":\"ListItem\",\"position\":2,\"name\":\"Unser Hof\",\"item\":\"https:\/\/www.meyers-landleben.de\/?page_id=97\"},{\"@type\":\"ListItem\",\"position\":3,\"name\":\"Landwirtschaft\"}]},{\"@type\":\"WebSite\",\"@id\":\"https:\/\/www.meyers-landleben.de\/#website\",\"url\":\"https:\/\/www.meyers-landleben.de\/\",\"name\":\"Meyers Landleben auf dem Rosenhof\",\"description\":\"\",\"publisher\":{\"@id\":\"https:\/\/www.meyers-landleben.de\/#\/schema\/person\/a97f739f0677688f47b84cba68fc5da0\"},\"potentialAction\":[{\"@type\":\"SearchAction\",\"target\":{\"@type\":\"EntryPoint\",\"urlTemplate\":\"https:\/\/www.meyers-landleben.de\/?s={search_term_string}\"},\"query-input\":\"required name=search_term_string\"}],\"inLanguage\":\"de\"},{\"@type\":[\"Person\",\"Organization\"],\"@id\":\"https:\/\/www.meyers-landleben.de\/#\/schema\/person\/a97f739f0677688f47b84cba68fc5da0\",\"name\":\"meyer\",\"image\":{\"@type\":\"ImageObject\",\"inLanguage\":\"de\",\"@id\":\"https:\/\/www.meyers-landleben.de\/#\/schema\/person\/image\/\",\"url\":\"https:\/\/www.meyers-landleben.de\/wp-content\/uploads\/logo_final.png\",\"contentUrl\":\"https:\/\/www.meyers-landleben.de\/wp-content\/uploads\/logo_final.png\",\"width\":3833,\"height\":515,\"caption\":\"meyer\"},\"logo\":{\"@id\":\"https:\/\/www.meyers-landleben.de\/#\/schema\/person\/image\/\"}}]}<\/script>\n<!-- \/ Yoast SEO plugin. -->","yoast_head_json":{"title":"Landwirtschaft | Meyers Landleben auf dem Rosenhof","description":"Bauernhofurlaub am Harz - Ferienhaus, Ferienwohnung auf dem Bauernhof mit Sauna, Spielplatz, Schwimmteich in Th\u00fcringen","robots":{"index":"index","follow":"follow","max-snippet":"max-snippet:-1","max-image-preview":"max-image-preview:large","max-video-preview":"max-video-preview:-1"},"canonical":"https:\/\/www.meyers-landleben.de\/?page_id=100","og_locale":"de_DE","og_type":"article","og_title":"Landwirtschaft | Meyers Landleben auf dem Rosenhof","og_description":"Bauernhofurlaub am Harz - Ferienhaus, Ferienwohnung auf dem Bauernhof mit Sauna, Spielplatz, Schwimmteich in Th\u00fcringen","og_url":"https:\/\/www.meyers-landleben.de\/?page_id=100","og_site_name":"Meyers Landleben auf dem Rosenhof","article_modified_time":"2020-08-12T19:59:41+00:00","og_image":[{"url":"https:\/\/www.meyers-landleben.de\/wp-content\/uploads\/400.jpg"}],"twitter_card":"summary_large_image","twitter_misc":{"Gesch\u00e4tzte Lesezeit":"1\u00a0Minute"},"schema":{"@context":"https:\/\/schema.org","@graph":[{"@type":"WebPage","@id":"https:\/\/www.meyers-landleben.de\/?page_id=100","url":"https:\/\/www.meyers-landleben.de\/?page_id=100","name":"Landwirtschaft | Meyers Landleben auf dem Rosenhof","isPartOf":{"@id":"https:\/\/www.meyers-landleben.de\/#website"},"primaryImageOfPage":{"@id":"https:\/\/www.meyers-landleben.de\/?page_id=100#primaryimage"},"image":{"@id":"https:\/\/www.meyers-landleben.de\/?page_id=100#primaryimage"},"thumbnailUrl":"https:\/\/www.meyers-landleben.de\/wp-content\/uploads\/400.jpg","datePublished":"2019-11-24T20:47:53+00:00","dateModified":"2020-08-12T19:59:41+00:00","description":"Bauernhofurlaub am Harz - Ferienhaus, Ferienwohnung auf dem Bauernhof mit Sauna, Spielplatz, Schwimmteich in Th\u00fcringen","breadcrumb":{"@id":"https:\/\/www.meyers-landleben.de\/?page_id=100#breadcrumb"},"inLanguage":"de","potentialAction":[{"@type":"ReadAction","target":["https:\/\/www.meyers-landleben.de\/?page_id=100"]}]},{"@type":"ImageObject","inLanguage":"de","@id":"https:\/\/www.meyers-landleben.de\/?page_id=100#primaryimage","url":"https:\/\/www.meyers-landleben.de\/wp-content\/uploads\/400.jpg","contentUrl":"https:\/\/www.meyers-landleben.de\/wp-content\/uploads\/400.jpg","width":400,"height":266},{"@type":"BreadcrumbList","@id":"https:\/\/www.meyers-landleben.de\/?page_id=100#breadcrumb","itemListElement":[{"@type":"ListItem","position":1,"name":"Startseite","item":"https:\/\/www.meyers-landleben.de\/"},{"@type":"ListItem","position":2,"name":"Unser Hof","item":"https:\/\/www.meyers-landleben.de\/?page_id=97"},{"@type":"ListItem","position":3,"name":"Landwirtschaft"}]},{"@type":"WebSite","@id":"https:\/\/www.meyers-landleben.de\/#website","url":"https:\/\/www.meyers-landleben.de\/","name":"Meyers Landleben auf dem Rosenhof","description":"","publisher":{"@id":"https:\/\/www.meyers-landleben.de\/#\/schema\/person\/a97f739f0677688f47b84cba68fc5da0"},"potentialAction":[{"@type":"SearchAction","target":{"@type":"EntryPoint","urlTemplate":"https:\/\/www.meyers-landleben.de\/?s={search_term_string}"},"query-input":"required name=search_term_string"}],"inLanguage":"de"},{"@type":["Person","Organization"],"@id":"https:\/\/www.meyers-landleben.de\/#\/schema\/person\/a97f739f0677688f47b84cba68fc5da0","name":"meyer","image":{"@type":"ImageObject","inLanguage":"de","@id":"https:\/\/www.meyers-landleben.de\/#\/schema\/person\/image\/","url":"https:\/\/www.meyers-landleben.de\/wp-content\/uploads\/logo_final.png","contentUrl":"https:\/\/www.meyers-landleben.de\/wp-content\/uploads\/logo_final.png","width":3833,"height":515,"caption":"meyer"},"logo":{"@id":"https:\/\/www.meyers-landleben.de\/#\/schema\/person\/image\/"}}]}},"_links":{"self":[{"href":"https:\/\/www.meyers-landleben.de\/index.php?rest_route=\/wp\/v2\/pages\/100"}],"collection":[{"href":"https:\/\/www.meyers-landleben.de\/index.php?rest_route=\/wp\/v2\/pages"}],"about":[{"href":"https:\/\/www.meyers-landleben.de\/index.php?rest_route=\/wp\/v2\/types\/page"}],"author":[{"embeddable":true,"href":"https:\/\/www.meyers-landleben.de\/index.php?rest_route=\/wp\/v2\/users\/1"}],"replies":[{"embeddable":true,"href":"https:\/\/www.meyers-landleben.de\/index.php?rest_route=%2Fwp%2Fv2%2Fcomments&post=100"}],"version-history":[{"count":14,"href":"https:\/\/www.meyers-landleben.de\/index.php?rest_route=\/wp\/v2\/pages\/100\/revisions"}],"predecessor-version":[{"id":724,"href":"https:\/\/www.meyers-landleben.de\/index.php?rest_route=\/wp\/v2\/pages\/100\/revisions\/724"}],"up":[{"embeddable":true,"href":"https:\/\/www.meyers-landleben.de\/index.php?rest_route=\/wp\/v2\/pages\/97"}],"wp:attachment":[{"href":"https:\/\/www.meyers-landleben.de\/index.php?rest_route=%2Fwp%2Fv2%2Fmedia&parent=100"}],"curies":[{"name":"wp","href":"https:\/\/api.w.org\/{rel}","templated":true}]}}